{"id":3164,"date":"2025-02-25T16:14:51","date_gmt":"2025-02-25T15:14:51","guid":{"rendered":"https:\/\/welcomenext.com\/scormproxy\/?page_id=3164"},"modified":"2025-02-25T16:14:51","modified_gmt":"2025-02-25T15:14:51","slug":"mentions-legales","status":"publish","type":"page","link":"https:\/\/welcomenext.com\/scormproxy\/fr\/mentions-legales\/","title":{"rendered":"Mentions l\u00e9gales (Aviso legal)"},"content":{"rendered":"<div class=\"fusion-fullwidth fullwidth-box fusion-builder-row-1 fusion-flex-container nonhundred-percent-fullwidth non-hundred-percent-height-scrolling\" style=\"--awb-border-radius-top-left:0px;--awb-border-radius-top-right:0px;--awb-border-radius-bottom-right:0px;--awb-border-radius-bottom-left:0px;--awb-margin-top:50px;--awb-flex-wrap:wrap;\" ><div class=\"fusion-builder-row fusion-row fusion-flex-align-items-flex-start fusion-flex-content-wrap\" style=\"max-width:1393.6px;margin-left: calc(-4% \/ 2 );margin-right: calc(-4% \/ 2 );\"><div class=\"fusion-layout-column fusion_builder_column fusion-builder-column-0 fusion_builder_column_1_1 1_1 fusion-flex-column\" style=\"--awb-bg-size:cover;--awb-width-large:100%;--awb-margin-top-large:0px;--awb-spacing-right-large:1.92%;--awb-margin-bottom-large:0px;--awb-spacing-left-large:1.92%;--awb-width-medium:100%;--awb-order-medium:0;--awb-spacing-right-medium:1.92%;--awb-spacing-left-medium:1.92%;--awb-width-small:100%;--awb-order-small:0;--awb-spacing-right-small:1.92%;--awb-spacing-left-small:1.92%;\"><div class=\"fusion-column-wrapper fusion-column-has-shadow fusion-flex-justify-content-flex-start fusion-content-layout-column\"><div class=\"fusion-text fusion-text-1\"><p><strong>MENTIONS L\u00c9GALES<\/strong><\/p>\n<p>Conform\u00e9ment \u00e0 la loi 34\/2002 du 11 juillet sur les services de la soci\u00e9t\u00e9 de l&#8217;information et le commerce \u00e9lectronique, les informations suivantes sont fournies :<\/p>\n<ol>\n<li><strong>INFORMATIONS D&#8217;IDENTIFICATION<\/strong><\/li>\n<\/ol>\n<p>Vous visitez le site web <a href=\"https:\/\/www.welcomenext.com\/scormproxy\/fr\/\">https:\/\/www.welcomenext.com\/scormproxy\/fr\/<\/a> appartenant \u00e0 <strong>WELCOMENEXT S.L.<\/strong>, situ\u00e9 \u00e0 <strong>Complejo Empresarial Avenida De Europa 26, Ed. \u00c1tica 5, 2\u00aa<\/strong> (28224 Pozuelo De Alarc\u00f3n) Madrid, avec le NIF B86432325, inscrit au Registre du Commerce de Madrid, Tome 29749, Folio 182, Section 8, Feuille M-535263, ci-apr\u00e8s d\u00e9sign\u00e9 <strong>LE PROPRI\u00c9TAIRE<\/strong>.<\/p>\n<p>Vous pouvez contacter le Propri\u00e9taire par l&#8217;un des moyens suivants :<\/p>\n<p>T\u00e9l\u00e9phone : 911845972<br \/>\nE-mail de contact : <a href=\"mailto:privacidad@welcomenext.com\">privacidad@welcomenext.com<\/a><\/p>\n<ol start=\"2\">\n<li><strong>UTILISATEURS<\/strong><\/li>\n<\/ol>\n<p>Par ce document, nous vous informons des termes et conditions qui r\u00e9gissent l&#8217;utilisation du site web et\/ou de l&#8217;application du Propri\u00e9taire, ainsi que des services et contenus associ\u00e9s. L&#8217;utilisation de ce site implique l&#8217;acquisition du statut d&#8217;\u00ab utilisateur \u00bb et, avec ce statut, une s\u00e9rie de droits et d&#8217;obligations.<\/p>\n<p>Pour les objectifs ci-dessus mentionn\u00e9s, nous vous informons qu&#8217;il est de votre responsabilit\u00e9 d&#8217;acc\u00e9der aux conditions l\u00e9gales pr\u00e9sentes sur ce site, ainsi qu&#8217;aux politiques de confidentialit\u00e9, de cookies ou, le cas \u00e9ch\u00e9ant, aux conditions de vente et de les lire attentivement.<\/p>\n<p>Nous vous recommandons : a. De consulter ces conditions chaque fois que vous souhaitez acc\u00e9der ou utiliser les services et contenus du site et b. D&#8217;imprimer ou de sauvegarder une copie sur votre syst\u00e8me.<\/p>\n<ol start=\"3\">\n<li><strong>UTILISATION DU PORTAIL<\/strong><\/li>\n<\/ol>\n<p>Ce site web donne acc\u00e8s \u00e0 une multitude d&#8217;informations, de services, de programmes ou de donn\u00e9es (ci-apr\u00e8s \u00ab les contenus \u00bb) appartenant au Propri\u00e9taire ou \u00e0 ses licenci\u00e9s, auxquels l&#8217;utilisateur peut acc\u00e9der.<\/p>\n<p>L&#8217;utilisateur assume la responsabilit\u00e9 de l&#8217;utilisation du portail selon les termes d\u00e9finis dans ce document. Cette responsabilit\u00e9 s&#8217;\u00e9tend \u00e0 l&#8217;enregistrement n\u00e9cessaire pour acc\u00e9der \u00e0 certains services ou contenus. Lors de cet enregistrement, l&#8217;utilisateur est responsable de fournir des informations v\u00e9ridiques et l\u00e9gales. \u00c0 la suite de cet enregistrement, un mot de passe peut \u00eatre attribu\u00e9 \u00e0 l&#8217;utilisateur, pour lequel il sera \u00e9galement responsable, et s&#8217;engage \u00e0 l&#8217;utiliser de mani\u00e8re diligente et confidentielle.<\/p>\n<p>L&#8217;utilisateur s&#8217;engage \u00e0 utiliser correctement les contenus et services (par exemple, services de chat, forums de discussion ou groupes de nouvelles) propos\u00e9s par le Propri\u00e9taire via son portail et, \u00e0 titre non limitatif, \u00e0 ne pas les utiliser pour :<\/p>\n<p>\u25cf Se livrer \u00e0 des activit\u00e9s ill\u00e9gales, contraires \u00e0 la bonne foi et \u00e0 l&#8217;ordre public.<br \/>\n\u25cf Diffuser des contenus ou de la propagande raciste, x\u00e9nophobe, pornographique-ill\u00e9gale, de glorification du terrorisme ou portant atteinte aux droits de l&#8217;homme.<br \/>\n\u25cf Provoquer des dommages aux syst\u00e8mes physiques et logiques du Propri\u00e9taire, de ses fournisseurs ou de tiers, introduire ou diffuser des virus informatiques ou tout autre syst\u00e8me susceptible de provoquer les dommages mentionn\u00e9s ci-dessus.<br \/>\n\u25cf Tenter d&#8217;acc\u00e9der et, le cas \u00e9ch\u00e9ant, d&#8217;utiliser les comptes e-mail d&#8217;autres utilisateurs et modifier ou manipuler leurs messages.<br \/>\n\u25cf Utiliser le site web ou les informations qu&#8217;il contient \u00e0 des fins commerciales, politiques, publicitaires ou pour toute utilisation commerciale, notamment dans l&#8217;envoi de courriels non sollicit\u00e9s.<\/p>\n<p>Le Propri\u00e9taire se r\u00e9serve le droit de retirer tous les commentaires et contributions qui portent atteinte \u00e0 la dignit\u00e9 de la personne, qui sont discriminatoires, x\u00e9nophobes, racistes, pornographiques, qui portent atteinte \u00e0 la jeunesse ou \u00e0 l&#8217;enfance, \u00e0 l&#8217;ordre ou \u00e0 la s\u00e9curit\u00e9 publique ou qui, selon lui, ne sont pas appropri\u00e9s pour publication. En tout cas, le Propri\u00e9taire ne sera pas responsable des opinions exprim\u00e9es par les utilisateurs via les forums, chats ou autres outils de participation.<\/p>\n<ol start=\"4\">\n<li><strong>PROTECTION DES DONN\u00c9ES<\/strong><\/li>\n<\/ol>\n<p>Toutes les informations relatives \u00e0 la gestion de vos donn\u00e9es personnelles sont recueillies dans la Politique de confidentialit\u00e9.<\/p>\n<ol start=\"5\">\n<li><strong>CONTENUS. PROPRI\u00c9T\u00c9 INTELLECTUELLE ET INDUSTRIELLE<\/strong><\/li>\n<\/ol>\n<p>Le Propri\u00e9taire est propri\u00e9taire de tous les droits de propri\u00e9t\u00e9 intellectuelle et industrielle sur son site web, ainsi que sur les \u00e9l\u00e9ments qu&#8217;il contient (\u00e0 titre d&#8217;exemple : images, photographies, sons, audio, vid\u00e9o, logiciels ou textes, marques ou logos, combinaisons de couleurs, structure et conception, s\u00e9lection des mat\u00e9riaux utilis\u00e9s, programmes informatiques n\u00e9cessaires \u00e0 son fonctionnement, acc\u00e8s et utilisation, etc.), soit du Propri\u00e9taire, soit de ses licenci\u00e9s.<\/p>\n<p>Tous droits r\u00e9serv\u00e9s. Conform\u00e9ment aux articles 8 et 32.1, deuxi\u00e8me paragraphe, de la Loi sur la propri\u00e9t\u00e9 intellectuelle, la reproduction, la distribution et la communication publique, y compris la mise \u00e0 disposition, de tout ou partie des contenus de ce site web, \u00e0 des fins commerciales, sur tout support et par tout moyen technique, sans l&#8217;autorisation du Propri\u00e9taire, sont express\u00e9ment interdites.<\/p>\n<ol start=\"6\">\n<li><strong>EXCLUSION DE GARANTIES ET RESPONSABILIT\u00c9<\/strong><\/li>\n<\/ol>\n<p>L&#8217;utilisateur reconna\u00eet que l&#8217;utilisation du site web et de ses contenus et services se fait sous sa seule responsabilit\u00e9. En particulier, \u00e0 titre purement \u00e9nonciatif, le Propri\u00e9taire ne assume aucune responsabilit\u00e9 dans les domaines suivants :<\/p>\n<p>\u25cf La disponibilit\u00e9 du fonctionnement du site web, de ses services et contenus et leur qualit\u00e9 ou interop\u00e9rabilit\u00e9.<br \/>\n\u25cf La finalit\u00e9 pour laquelle le site web sert aux objectifs de l&#8217;utilisateur.<br \/>\n\u25cf Les violations de la l\u00e9gislation en vigueur par l&#8217;utilisateur ou des tiers, en particulier des droits de propri\u00e9t\u00e9 intellectuelle et industrielle appartenant \u00e0 d&#8217;autres personnes ou entit\u00e9s.<br \/>\n\u25cf La pr\u00e9sence de codes malveillants ou de tout autre \u00e9l\u00e9ment informatique nuisible qui pourrait affecter le syst\u00e8me informatique de l&#8217;utilisateur ou de tiers. L&#8217;entit\u00e9 prend des mesures pour prot\u00e9ger le site contre les cyberattaques, mais ne peut garantir l&#8217;absence d&#8217;acc\u00e8s non autoris\u00e9. Il incombe \u00e0 l&#8217;utilisateur de disposer des outils n\u00e9cessaires pour d\u00e9tecter et d\u00e9sinfecter ces \u00e9l\u00e9ments.<br \/>\n\u25cf L&#8217;acc\u00e8s frauduleux aux contenus ou services par des tiers non autoris\u00e9s ou, le cas \u00e9ch\u00e9ant, la capture, la suppression, la modification ou la manipulation des messages et communications de toute nature que ces tiers pourraient r\u00e9aliser.<br \/>\n\u25cf Les dommages caus\u00e9s aux \u00e9quipements informatiques lors de l&#8217;acc\u00e8s au site web et les dommages subis par les utilisateurs en raison de pannes ou d\u00e9connexions dans les r\u00e9seaux de t\u00e9l\u00e9communications qui interrompent le service.<br \/>\n\u25cf Les dommages ou pertes r\u00e9sultant de circonstances dues \u00e0 un cas de force majeure.<\/p>\n<ol start=\"7\">\n<li><strong>MODIFICATION DE CET AVIS L\u00c9GAL ET DUR\u00c9E<\/strong><\/li>\n<\/ol>\n<p>Le Propri\u00e9taire se r\u00e9serve le droit de modifier sans pr\u00e9avis le portail, de changer, supprimer ou ajouter des contenus et services qu&#8217;il propose, ainsi que la mani\u00e8re dont ceux-ci sont repr\u00e9sent\u00e9s ou localis\u00e9s sur le portail.<\/p>\n<ol start=\"8\">\n<li><strong>LIENS<\/strong><\/li>\n<\/ol>\n<p>Si <a href=\"https:\/\/www.welcomenext.com\/scormproxy\/fr\/\">https:\/\/www.welcomenext.com\/scormproxy\/fr\/<\/a> inclut des liens ou hyperliens vers d&#8217;autres sites Internet, le Propri\u00e9taire n&#8217;exerce aucun contr\u00f4le sur ces sites et leurs contenus, et ne pourra \u00eatre tenu responsable des contenus de tout lien appartenant \u00e0 un site web externe.<\/p>\n<ol start=\"9\">\n<li><strong>DROITS D&#8217;EXCLUSION<\/strong><\/li>\n<\/ol>\n<p>Le Propri\u00e9taire se r\u00e9serve le droit de refuser ou de retirer l&#8217;acc\u00e8s au portail et\/ou aux services offerts sans pr\u00e9avis \u00e0 ceux qui enfreignent le contenu de cet avis l\u00e9gal.<\/p>\n<ol start=\"10\">\n<li><strong>DISPOSITIONS G\u00c9N\u00c9RALES<\/strong><\/li>\n<\/ol>\n<p>Le Propri\u00e9taire poursuivra toute violation de ces conditions ainsi que toute utilisation abusive de son portail, en exer\u00e7ant toutes les actions civiles et p\u00e9nales qui lui sont dues en droit.<\/p>\n<ol start=\"11\">\n<li><strong>LOI APPLICABLE ET JURIDICTION<\/strong><\/li>\n<\/ol>\n<p>La relation entre le Propri\u00e9taire et l&#8217;utilisateur sera r\u00e9gie par la l\u00e9gislation espagnole en vigueur. Tous les litiges et r\u00e9clamations d\u00e9coulant de cet avis l\u00e9gal seront r\u00e9solus par les tribunaux espagnols comp\u00e9tents.<\/p>\n<ol start=\"12\">\n<li><strong>MINEURS<\/strong><\/li>\n<\/ol>\n<p>Ce site s&#8217;adresse aux utilisateurs \u00e2g\u00e9s de plus de 18 ans. Les mineurs ne sont pas autoris\u00e9s \u00e0 utiliser nos services et ne doivent donc pas nous envoyer leurs donn\u00e9es personnelles.<\/p>\n<ol start=\"13\">\n<li><strong>MESURES DE S\u00c9CURIT\u00c9 &#8211; SSL<\/strong><\/li>\n<\/ol>\n<p>Le Propri\u00e9taire a contract\u00e9 un certificat SSL (\u00ab Secure Sockets Layer \u00bb) pour son site web. Ce certificat SSL permet de prot\u00e9ger toutes les informations personnelles et confidentielles trait\u00e9es sur le site.<\/p>\n<p>Derni\u00e8re r\u00e9vision : 21 mai 2024<\/p>\n<\/div><\/div><\/div><\/div><\/div>\n","protected":false},"excerpt":{"rendered":"","protected":false},"author":2,"featured_media":0,"parent":0,"menu_order":0,"comment_status":"closed","ping_status":"closed","template":"","meta":{"iawp_total_views":4,"footnotes":""},"class_list":["post-3164","page","type-page","status-publish","hentry"],"yoast_head":"<!-- This site is optimized with the Yoast SEO plugin v27.3 - https:\/\/yoast.com\/product\/yoast-seo-wordpress\/ -->\n<title>scormPROXY: Mentions l\u00e9gales<\/title>\n<meta name=\"robots\" content=\"index, follow, max-snippet:-1, max-image-preview:large, max-video-preview:-1\" \/>\n<link rel=\"canonical\" href=\"https:\/\/welcomenext.com\/scormproxy\/fr\/mentions-legales\/\" \/>\n<meta property=\"og:locale\" content=\"es_ES\" \/>\n<meta property=\"og:type\" content=\"article\" \/>\n<meta property=\"og:title\" content=\"scormPROXY: Mentions l\u00e9gales\" \/>\n<meta property=\"og:url\" content=\"https:\/\/welcomenext.com\/scormproxy\/fr\/mentions-legales\/\" \/>\n<meta property=\"og:site_name\" content=\"scormPROXY\" \/>\n<meta name=\"twitter:card\" content=\"summary_large_image\" \/>\n<meta name=\"twitter:label1\" content=\"Tiempo de lectura\" \/>\n\t<meta name=\"twitter:data1\" content=\"8 minutos\" \/>\n<script type=\"application\/ld+json\" class=\"yoast-schema-graph\">{\"@context\":\"https:\\\/\\\/schema.org\",\"@graph\":[{\"@type\":\"WebPage\",\"@id\":\"https:\\\/\\\/welcomenext.com\\\/scormproxy\\\/fr\\\/mentions-legales\\\/\",\"url\":\"https:\\\/\\\/welcomenext.com\\\/scormproxy\\\/fr\\\/mentions-legales\\\/\",\"name\":\"scormPROXY: Mentions l\u00e9gales\",\"isPartOf\":{\"@id\":\"https:\\\/\\\/welcomenext.com\\\/scormproxy\\\/#website\"},\"datePublished\":\"2025-02-25T15:14:51+00:00\",\"breadcrumb\":{\"@id\":\"https:\\\/\\\/welcomenext.com\\\/scormproxy\\\/fr\\\/mentions-legales\\\/#breadcrumb\"},\"inLanguage\":\"es\",\"potentialAction\":[{\"@type\":\"ReadAction\",\"target\":[\"https:\\\/\\\/welcomenext.com\\\/scormproxy\\\/fr\\\/mentions-legales\\\/\"]}]},{\"@type\":\"BreadcrumbList\",\"@id\":\"https:\\\/\\\/welcomenext.com\\\/scormproxy\\\/fr\\\/mentions-legales\\\/#breadcrumb\",\"itemListElement\":[{\"@type\":\"ListItem\",\"position\":1,\"name\":\"Portada\",\"item\":\"https:\\\/\\\/welcomenext.com\\\/scormproxy\\\/es\\\/\"},{\"@type\":\"ListItem\",\"position\":2,\"name\":\"Mentions l\u00e9gales (Aviso legal)\"}]},{\"@type\":\"WebSite\",\"@id\":\"https:\\\/\\\/welcomenext.com\\\/scormproxy\\\/#website\",\"url\":\"https:\\\/\\\/welcomenext.com\\\/scormproxy\\\/\",\"name\":\"scormPROXY\",\"description\":\"Plataforma de distribuci\u00f3n de contenidos\",\"potentialAction\":[{\"@type\":\"SearchAction\",\"target\":{\"@type\":\"EntryPoint\",\"urlTemplate\":\"https:\\\/\\\/welcomenext.com\\\/scormproxy\\\/?s={search_term_string}\"},\"query-input\":{\"@type\":\"PropertyValueSpecification\",\"valueRequired\":true,\"valueName\":\"search_term_string\"}}],\"inLanguage\":\"es\"}]}<\/script>\n<!-- \/ Yoast SEO plugin. -->","yoast_head_json":{"title":"scormPROXY: Mentions l\u00e9gales","robots":{"index":"index","follow":"follow","max-snippet":"max-snippet:-1","max-image-preview":"max-image-preview:large","max-video-preview":"max-video-preview:-1"},"canonical":"https:\/\/welcomenext.com\/scormproxy\/fr\/mentions-legales\/","og_locale":"es_ES","og_type":"article","og_title":"scormPROXY: Mentions l\u00e9gales","og_url":"https:\/\/welcomenext.com\/scormproxy\/fr\/mentions-legales\/","og_site_name":"scormPROXY","twitter_card":"summary_large_image","twitter_misc":{"Tiempo de lectura":"8 minutos"},"schema":{"@context":"https:\/\/schema.org","@graph":[{"@type":"WebPage","@id":"https:\/\/welcomenext.com\/scormproxy\/fr\/mentions-legales\/","url":"https:\/\/welcomenext.com\/scormproxy\/fr\/mentions-legales\/","name":"scormPROXY: Mentions l\u00e9gales","isPartOf":{"@id":"https:\/\/welcomenext.com\/scormproxy\/#website"},"datePublished":"2025-02-25T15:14:51+00:00","breadcrumb":{"@id":"https:\/\/welcomenext.com\/scormproxy\/fr\/mentions-legales\/#breadcrumb"},"inLanguage":"es","potentialAction":[{"@type":"ReadAction","target":["https:\/\/welcomenext.com\/scormproxy\/fr\/mentions-legales\/"]}]},{"@type":"BreadcrumbList","@id":"https:\/\/welcomenext.com\/scormproxy\/fr\/mentions-legales\/#breadcrumb","itemListElement":[{"@type":"ListItem","position":1,"name":"Portada","item":"https:\/\/welcomenext.com\/scormproxy\/es\/"},{"@type":"ListItem","position":2,"name":"Mentions l\u00e9gales (Aviso legal)"}]},{"@type":"WebSite","@id":"https:\/\/welcomenext.com\/scormproxy\/#website","url":"https:\/\/welcomenext.com\/scormproxy\/","name":"scormPROXY","description":"Plataforma de distribuci\u00f3n de contenidos","potentialAction":[{"@type":"SearchAction","target":{"@type":"EntryPoint","urlTemplate":"https:\/\/welcomenext.com\/scormproxy\/?s={search_term_string}"},"query-input":{"@type":"PropertyValueSpecification","valueRequired":true,"valueName":"search_term_string"}}],"inLanguage":"es"}]}},"lang":"fr","translations":{"fr":3164,"en":1273,"es":1167,"de":3160},"pll_sync_post":[],"_links":{"self":[{"href":"https:\/\/welcomenext.com\/scormproxy\/wp-json\/wp\/v2\/pages\/3164","targetHints":{"allow":["GET"]}}],"collection":[{"href":"https:\/\/welcomenext.com\/scormproxy\/wp-json\/wp\/v2\/pages"}],"about":[{"href":"https:\/\/welcomenext.com\/scormproxy\/wp-json\/wp\/v2\/types\/page"}],"author":[{"embeddable":true,"href":"https:\/\/welcomenext.com\/scormproxy\/wp-json\/wp\/v2\/users\/2"}],"replies":[{"embeddable":true,"href":"https:\/\/welcomenext.com\/scormproxy\/wp-json\/wp\/v2\/comments?post=3164"}],"version-history":[{"count":0,"href":"https:\/\/welcomenext.com\/scormproxy\/wp-json\/wp\/v2\/pages\/3164\/revisions"}],"wp:attachment":[{"href":"https:\/\/welcomenext.com\/scormproxy\/wp-json\/wp\/v2\/media?parent=3164"}],"curies":[{"name":"wp","href":"https:\/\/api.w.org\/{rel}","templated":true}]}}