{"id":3160,"date":"2025-02-25T16:29:42","date_gmt":"2025-02-25T15:29:42","guid":{"rendered":"https:\/\/welcomenext.com\/scormproxy\/?page_id=3160"},"modified":"2025-02-25T18:47:44","modified_gmt":"2025-02-25T17:47:44","slug":"rechtliche-hinweise","status":"publish","type":"page","link":"https:\/\/welcomenext.com\/scormproxy\/de\/rechtliche-hinweise\/","title":{"rendered":"Rechtliche Hinweise (Aviso Legal)"},"content":{"rendered":"<div class=\"fusion-fullwidth fullwidth-box fusion-builder-row-1 fusion-flex-container nonhundred-percent-fullwidth non-hundred-percent-height-scrolling\" style=\"--awb-border-radius-top-left:0px;--awb-border-radius-top-right:0px;--awb-border-radius-bottom-right:0px;--awb-border-radius-bottom-left:0px;--awb-margin-top:50px;--awb-flex-wrap:wrap;\" ><div class=\"fusion-builder-row fusion-row fusion-flex-align-items-flex-start fusion-flex-content-wrap\" style=\"max-width:1393.6px;margin-left: calc(-4% \/ 2 );margin-right: calc(-4% \/ 2 );\"><div class=\"fusion-layout-column fusion_builder_column fusion-builder-column-0 fusion_builder_column_1_1 1_1 fusion-flex-column\" style=\"--awb-bg-size:cover;--awb-width-large:100%;--awb-margin-top-large:0px;--awb-spacing-right-large:1.92%;--awb-margin-bottom-large:0px;--awb-spacing-left-large:1.92%;--awb-width-medium:100%;--awb-order-medium:0;--awb-spacing-right-medium:1.92%;--awb-spacing-left-medium:1.92%;--awb-width-small:100%;--awb-order-small:0;--awb-spacing-right-small:1.92%;--awb-spacing-left-small:1.92%;\"><div class=\"fusion-column-wrapper fusion-column-has-shadow fusion-flex-justify-content-flex-start fusion-content-layout-column\"><div class=\"fusion-text fusion-text-1\"><h2>RECHTLICHER HINWEIS<\/h2>\n<p>Gem\u00e4\u00df den Bestimmungen des Gesetzes 34\/2002 vom 11. Juli \u00fcber Dienste der Informationsgesellschaft und elektronischen Handel werden folgende Informationen bereitgestellt:<\/p>\n<h3>1. IDENTIFIZIERUNGSDATEN<\/h3>\n<p>Sie besuchen die Website <a href=\"https:\/\/www.welcomenext.com\/scormproxy\/de\/\">https:\/\/www.welcomenext.com\/scormproxy\/de\/<\/a> von WELCOMENEXT S.L. mit Sitz in Complejo Empresarial Avenida De Europa 26, Ed. \u00c1tica 5, 2\u00aa (28224 Pozuelo De Alarc\u00f3n) Madrid, mit NIF B86432325, eingetragen im Handelsregister von Madrid, Band 29749, Folio 182, Abschnitt 8, Blatt M-535263, im Folgenden der <strong>EIGENT\u00dcMER<\/strong>.<\/p>\n<p>Sie k\u00f6nnen den Eigent\u00fcmer auf eine der folgenden Arten kontaktieren:<\/p>\n<p>Telefon: <strong>911845972<\/strong><br \/>\nKontakt-E-Mail: <strong>privacidad@welcomenext.com<\/strong><\/p>\n<h3>2. BENUTZER<\/h3>\n<p>Mit diesem Dokument informieren wir Sie \u00fcber die Bedingungen, die die Nutzung der Website und\/oder App des Eigent\u00fcmers sowie der damit verbundenen Dienste und Inhalte regeln. Diese Nutzung impliziert den Erwerb des Status \u201eBenutzer\u201c und mit diesem Status eine Reihe von Rechten und Pflichten.<\/p>\n<p><strong>F\u00fcr die oben beschriebenen Zwecke informieren wir Sie dar\u00fcber, dass es in Ihrer Verantwortung liegt, die auf dieser Website enthaltenen rechtlichen Bedingungen sowie die Datenschutzrichtlinien, Cookies oder gegebenenfalls Verkaufsbedingungen aufzurufen und sorgf\u00e4ltig zu lesen.<\/strong>.<\/p>\n<p>Wir empfehlen:<br \/>\na. dass Sie sie jedes Mal aufrufen, wenn Sie beabsichtigen, auf die Dienste und Inhalte der Website zuzugreifen oder diese zu verwenden, und<br \/>\nb. dass Sie eine Kopie ausdrucken oder auf Ihrem System speichern.<\/p>\n<h3>3. NUTZUNG DES PORTALS<\/h3>\n<p>Diese Website bietet Zugang zu einer Vielzahl von Informationen, Diensten, Programmen oder Daten (im Folgenden \u201edie Inhalte\u201c) im Internet, die dem Eigent\u00fcmer oder seinen Lizenzgebern geh\u00f6ren und auf die der Benutzer Zugriff haben kann.<\/p>\n<p>Der Benutzer \u00fcbernimmt die Verantwortung f\u00fcr die Nutzung des Portals gem\u00e4\u00df den hier festgelegten Bedingungen. Diese Verantwortung erstreckt sich auch auf die Registrierung, die f\u00fcr den Zugriff auf bestimmte Dienste oder Inhalte erforderlich sein kann. Bei dieser Registrierung ist der Benutzer daf\u00fcr verantwortlich, wahrheitsgem\u00e4\u00dfe und rechtm\u00e4\u00dfige Informationen anzugeben. Als Folge dieser Registrierung kann dem Benutzer ein Passwort zur Verf\u00fcgung gestellt werden, f\u00fcr das er ebenfalls verantwortlich ist und das er sorgf\u00e4ltig und vertraulich verwenden wird.<\/p>\n<p><strong>Der Benutzer verpflichtet sich, die Inhalte und Dienste (z. B. Chat-Dienste, Diskussionsforen oder Newsgroups), die der Eigent\u00fcmer \u00fcber sein Portal anbietet, angemessen zu nutzen und sie beispielsweise, aber nicht ausschlie\u00dflich, nicht f\u00fcr folgende Zwecke zu verwenden:<\/strong><\/p>\n<p>\u25cf Beteiligung an unerlaubten, illegalen Aktivit\u00e4ten oder Aktivit\u00e4ten, die gegen Treu und Glauben und die \u00f6ffentliche Ordnung versto\u00dfen.<\/p>\n<p>\u25cf Verbreitung rassistischer, fremdenfeindlicher, pornografisch-illegaler Inhalte oder Propaganda, die den Terrorismus unterst\u00fctzen oder die Menschenrechte verletzen.<\/p>\n<p>\u25cf Besch\u00e4digung der physischen und logischen Systeme des Eigent\u00fcmers, seiner Lieferanten oder Dritter, Einf\u00fchrung oder Verbreitung von Computerviren oder anderen physischen oder logischen Systemen, die die oben genannten Sch\u00e4den verursachen k\u00f6nnen.<\/p>\n<p>\u25cf Versuch, auf die E-Mail-Konten anderer Benutzer zuzugreifen und diese gegebenenfalls zu verwenden und deren Nachrichten zu \u00e4ndern oder zu manipulieren.<\/p>\n<p>\u25cf Die Website oder die darin enthaltenen Informationen f\u00fcr kommerzielle, politische, Werbezwecke und f\u00fcr jegliche kommerzielle Nutzung zu verwenden, insbesondere f\u00fcr das Versenden unerw\u00fcnschter E-Mails.<\/p>\n<p>Der Eigent\u00fcmer beh\u00e4lt sich das Recht vor, Kommentare und Beitr\u00e4ge zu entfernen, die die Achtung der Menschenw\u00fcrde verletzen, diskriminierend, fremdenfeindlich, rassistisch, pornografisch sind, die Jugend oder Kindheit, die \u00f6ffentliche Ordnung oder Sicherheit bedrohen oder die seiner Meinung nach nicht zur Ver\u00f6ffentlichung geeignet sind. <strong>In jedem Fall haftet der Eigent\u00fcmer nicht f\u00fcr die von Benutzern in Foren, Chats oder anderen Beteiligungstools ge\u00e4u\u00dferten Meinungen<\/strong>.<\/p>\n<h3>4. DATENSCHUTZ<\/h3>\n<p>Alles im Zusammenhang mit der Verarbeitung Ihrer personenbezogenen Daten ist in der <a href=\"https:\/\/welcomenext.com\/scormproxy\/de\/datenschutzrichtlinie\/\">Datenschutzrichtlinie<\/a> enthalten.<\/p>\n<h3>5. INHALT. GEISTIGES UND GEWERBLICHES EIGENTUM<\/h3>\n<p>Der Eigent\u00fcmer ist Eigent\u00fcmer aller geistigen und gewerblichen Eigentumsrechte an seiner Website sowie an den darin enthaltenen Elementen (zum Beispiel: Bilder, Fotos, Ton, Audio, Video, Software oder Texte, Marken oder Logos, Farbkombinationen, Struktur und Design, Auswahl der verwendeten Materialien, f\u00fcr den Betrieb, den Zugriff und die Nutzung erforderliche Computerprogramme usw.), die Eigentum des Eigent\u00fcmers oder seiner Lizenzgeber sind.<\/p>\n<p><strong>Alle Rechte vorbehalten<\/strong>. Gem\u00e4\u00df den Bestimmungen der Artikel 8 und 32.1, zweiter Absatz, des Gesetzes \u00fcber geistiges Eigentum ist <strong>die Vervielf\u00e4ltigung, Verbreitung und \u00f6ffentliche Kommunikation, einschlie\u00dflich der Methode der Bereitstellung, des gesamten oder eines Teils des Inhalts dieser Website zu kommerziellen Zwecken auf jedem Medium und mit jedem technischen Mittel ohne die Genehmigung des Eigent\u00fcmers ausdr\u00fccklich verboten<\/strong>.<\/p>\n<h3>6. AUSSCHLUSS VON GARANTIEN UND HAFTUNG<\/h3>\n<p>Der Benutzer erkennt an, dass die Nutzung der Website und ihrer Inhalte und Dienste ausschlie\u00dflich auf seine eigene Verantwortung erfolgt. Insbesondere und nur beispielhaft \u00fcbernimmt der Eigent\u00fcmer in den folgenden Bereichen keine Verantwortung:<\/p>\n<p>\u25cf Die Verf\u00fcgbarkeit des Betriebs der Website, ihrer Dienste und Inhalte sowie deren Qualit\u00e4t oder Interoperabilit\u00e4t.<br \/>\n\u25cf Der Zweck, zu dem die Website den Zielen des Benutzers dient.<br \/>\n\u25cf Die Verletzung der geltenden Gesetzgebung durch den Benutzer oder Dritte und insbesondere der geistigen und gewerblichen Eigentumsrechte anderer Personen oder Unternehmen.<br \/>\n\u25cf Das Vorhandensein von Schadcode oder anderen sch\u00e4dlichen Computerelementen, die das Computersystem des Benutzers oder Dritter besch\u00e4digen k\u00f6nnten. Das Unternehmen ergreift Ma\u00dfnahmen, um die Website vor Cyberangriffen zu sch\u00fctzen. Es kann jedoch nicht garantieren, dass kein unbefugter Zugriff durch Dritte erfolgt. Daher liegt es in der Verantwortung des Benutzers, \u00fcber die geeigneten Tools zum Erkennen und Desinfizieren dieser Elemente zu verf\u00fcgen.<br \/>\n\u25cf Betr\u00fcgerischer Zugriff auf Inhalte oder Dienste durch unbefugte Dritte oder gegebenenfalls Erfassung, L\u00f6schung, \u00c4nderung, Modifikation oder Manipulation von Nachrichten und Mitteilungen jeglicher Art, die diese Dritten vornehmen.<br \/>\n\u25cf Sch\u00e4den an der Computerausr\u00fcstung w\u00e4hrend des Zugriffs auf die Website und Sch\u00e4den, die den Benutzern entstehen, wenn sie durch Ausf\u00e4lle oder Unterbrechungen in Telekommunikationsnetzen verursacht werden, die den Dienst unterbrechen.<br \/>\n\u25cf Sch\u00e4den oder Verluste aufgrund von Umst\u00e4nden, die auf unvorhergesehene Umst\u00e4nde oder h\u00f6here Gewalt zur\u00fcckzuf\u00fchren sind.<\/p>\n<p>F\u00fcr den Fall, dass Foren, die Nutzung derselben oder anderer \u00e4hnlicher R\u00e4ume vorhanden sind, muss ber\u00fccksichtigt werden, dass die Nachrichten nur die Meinung des Benutzers widerspiegeln, der sie sendet, und dieser allein f\u00fcr sie verantwortlich ist. Folglich ist der Eigent\u00fcmer nicht f\u00fcr den Inhalt der vom Benutzer gesendeten Nachrichten verantwortlich.<\/p>\n<h3>7. \u00c4NDERUNG DIESES RECHTLICHEN HINWEISES UND DAUER<\/h3>\n<p>Der Eigent\u00fcmer beh\u00e4lt sich das Recht vor, ohne vorherige Ank\u00fcndigung alle von ihm f\u00fcr angemessen erachteten \u00c4nderungen an seinem Portal vorzunehmen und kann die \u00fcber das Portal bereitgestellten Inhalte und Dienste sowie die Art und Weise, wie sie auf seinem Portal dargestellt oder platziert werden, \u00e4ndern, l\u00f6schen oder hinzuf\u00fcgen.<\/p>\n<p>Die G\u00fcltigkeit der oben genannten Bedingungen h\u00e4ngt von ihrer Darstellung ab und bleibt in Kraft, bis sie durch andere, ordnungsgem\u00e4\u00df ver\u00f6ffentlichte Bedingungen ge\u00e4ndert werden.<\/p>\n<h3>8. LINKS<\/h3>\n<p>Falls <a href=\"https:\/\/www.welcomenext.com\/scormproxy\/de\/\">https:\/\/www.welcomenext.com\/scormproxy\/de\/<\/a> Links oder Hyperlinks zu anderen Internetseiten enth\u00e4lt, \u00fcbt der Eigent\u00fcmer keinerlei Kontrolle \u00fcber diese Seiten und Inhalte aus und \u00fcbernimmt keinerlei Verantwortung f\u00fcr den Inhalt von Links, die zu einer Website eines Drittanbieters geh\u00f6ren, noch garantiert er die technische Verf\u00fcgbarkeit, Qualit\u00e4t, Zuverl\u00e4ssigkeit, Genauigkeit, Breite, Wahrhaftigkeit, G\u00fcltigkeit und Verfassungsm\u00e4\u00dfigkeit von Materialien oder Informationen, die in einem dieser Hyperlinks und anderen Internetseiten enthalten sind. Ebenso bedeutet die Aufnahme dieser externen Links keinerlei Verbindung, Fusion oder Beteiligung mit den verbundenen Unternehmen. Ungeachtet des Vorstehenden werden diese Daten gel\u00f6scht oder der entsprechende Link deaktiviert, wenn WELCOMENEXT S.L. tats\u00e4chlich Kenntnis davon hat, dass die Aktivit\u00e4t oder Information, auf die es verweist oder die es empfiehlt, illegal ist oder das Eigentum oder die Rechte eines Dritten verletzt, der entsch\u00e4digt werden kann.<\/p>\n<h3>9. AUSSCHLUSSRECHTE<\/h3>\n<p>Der Eigent\u00fcmer beh\u00e4lt sich das Recht vor, Benutzern, die den Inhalt dieses rechtlichen Hinweises nicht einhalten, auf eigenen Wunsch oder auf Wunsch Dritter ohne vorherige Ank\u00fcndigung den Zugang zum Portal und\/oder den angebotenen Diensten zu verweigern oder zu entziehen.<\/p>\n<h3>10. ALLGEMEINES<\/h3>\n<p>Der Eigent\u00fcmer wird die Nichteinhaltung dieser Bedingungen sowie jede missbr\u00e4uchliche Nutzung seines Portals mit allen ihm gesetzlich zustehenden zivil- und strafrechtlichen Ma\u00dfnahmen verfolgen.<\/p>\n<h3>11. GELTENDE GESETZGEBUNG UND GERICHTSSTAND<\/h3>\n<p>Die Beziehung zwischen dem Eigent\u00fcmer und dem Benutzer unterliegt den geltenden spanischen Vorschriften. Alle Streitigkeiten und Anspr\u00fcche, die sich aus diesem rechtlichen Hinweis ergeben, werden von den zust\u00e4ndigen spanischen Gerichten und Tribunalen f\u00fcr Verbraucher und Benutzer beigelegt.<\/p>\n<h3>12. MINDERJ\u00c4HRIGE<\/h3>\n<p>Diese Website richtet ihre Dienste an Benutzer \u00fcber 18 Jahren. Minderj\u00e4hrige unter diesem Alter sind nicht berechtigt, unsere Dienste zu nutzen und sollten uns daher ihre personenbezogenen Daten nicht \u00fcbermitteln. Wir informieren Sie, dass der Eigent\u00fcmer im Falle eines solchen Umstands nicht f\u00fcr m\u00f6gliche Folgen verantwortlich ist, die sich aus der Nichtbeachtung des in dieser Klausel festgelegten Hinweises ergeben k\u00f6nnen.<\/p>\n<h3>13. SICHERHEITSMASSNAHMEN &#8211; SSL<\/h3>\n<p>Der Eigent\u00fcmer hat f\u00fcr seine Website ein SSL-Zertifikat (\u201eSecure Sockets Layer\u201c) abgeschlossen. Dieses SSL-Zertifikat erm\u00f6glicht den Schutz aller pers\u00f6nlichen und vertraulichen Informationen, die auf einer Website verarbeitet werden k\u00f6nnen, unabh\u00e4ngig von den \u00fcbertragenen Informationen, wie beispielsweise von einem der Kontaktformulare der Website an den Server oder den f\u00fcr das Newsletter-Abonnement eingegebenen Daten, dem Zugriff auf gesch\u00fctzte Bereiche usw.<\/p>\n<p>Die Website-Adresse wird gr\u00fcn angezeigt und aktiviert das \u201ehttps\u201c-Protokoll, das sichere Verbindungen von einem Webserver zum Browser des Benutzers erm\u00f6glicht.<\/p>\n<h4>Letzte \u00dcberarbeitung 21. Mai 2024<\/h4>\n<\/div><\/div><\/div><\/div><\/div>\n","protected":false},"excerpt":{"rendered":"","protected":false},"author":2,"featured_media":0,"parent":0,"menu_order":0,"comment_status":"closed","ping_status":"closed","template":"","meta":{"iawp_total_views":3,"footnotes":""},"class_list":["post-3160","page","type-page","status-publish","hentry"],"yoast_head":"<!-- This site is optimized with the Yoast SEO plugin v27.4 - https:\/\/yoast.com\/product\/yoast-seo-wordpress\/ -->\n<title>scormPROXY | Rechtliche Hinweise<\/title>\n<meta name=\"robots\" content=\"index, follow, max-snippet:-1, max-image-preview:large, max-video-preview:-1\" \/>\n<link rel=\"canonical\" href=\"https:\/\/welcomenext.com\/scormproxy\/de\/rechtliche-hinweise\/\" \/>\n<meta property=\"og:locale\" content=\"es_ES\" \/>\n<meta property=\"og:type\" content=\"article\" \/>\n<meta property=\"og:title\" content=\"scormPROXY | Rechtliche Hinweise\" \/>\n<meta property=\"og:url\" content=\"https:\/\/welcomenext.com\/scormproxy\/de\/rechtliche-hinweise\/\" \/>\n<meta property=\"og:site_name\" content=\"scormPROXY\" \/>\n<meta property=\"article:modified_time\" content=\"2025-02-25T17:47:44+00:00\" \/>\n<meta name=\"twitter:card\" content=\"summary_large_image\" \/>\n<meta name=\"twitter:label1\" content=\"Tiempo de lectura\" \/>\n\t<meta name=\"twitter:data1\" content=\"7 minutos\" \/>\n<script type=\"application\/ld+json\" class=\"yoast-schema-graph\">{\"@context\":\"https:\\\/\\\/schema.org\",\"@graph\":[{\"@type\":\"WebPage\",\"@id\":\"https:\\\/\\\/welcomenext.com\\\/scormproxy\\\/de\\\/rechtliche-hinweise\\\/\",\"url\":\"https:\\\/\\\/welcomenext.com\\\/scormproxy\\\/de\\\/rechtliche-hinweise\\\/\",\"name\":\"scormPROXY | Rechtliche Hinweise\",\"isPartOf\":{\"@id\":\"https:\\\/\\\/welcomenext.com\\\/scormproxy\\\/#website\"},\"datePublished\":\"2025-02-25T15:29:42+00:00\",\"dateModified\":\"2025-02-25T17:47:44+00:00\",\"breadcrumb\":{\"@id\":\"https:\\\/\\\/welcomenext.com\\\/scormproxy\\\/de\\\/rechtliche-hinweise\\\/#breadcrumb\"},\"inLanguage\":\"es\",\"potentialAction\":[{\"@type\":\"ReadAction\",\"target\":[\"https:\\\/\\\/welcomenext.com\\\/scormproxy\\\/de\\\/rechtliche-hinweise\\\/\"]}]},{\"@type\":\"BreadcrumbList\",\"@id\":\"https:\\\/\\\/welcomenext.com\\\/scormproxy\\\/de\\\/rechtliche-hinweise\\\/#breadcrumb\",\"itemListElement\":[{\"@type\":\"ListItem\",\"position\":1,\"name\":\"Portada\",\"item\":\"https:\\\/\\\/welcomenext.com\\\/scormproxy\\\/es\\\/\"},{\"@type\":\"ListItem\",\"position\":2,\"name\":\"Rechtliche Hinweise (Aviso Legal)\"}]},{\"@type\":\"WebSite\",\"@id\":\"https:\\\/\\\/welcomenext.com\\\/scormproxy\\\/#website\",\"url\":\"https:\\\/\\\/welcomenext.com\\\/scormproxy\\\/\",\"name\":\"scormPROXY\",\"description\":\"Plataforma de distribuci\u00f3n de contenidos\",\"potentialAction\":[{\"@type\":\"SearchAction\",\"target\":{\"@type\":\"EntryPoint\",\"urlTemplate\":\"https:\\\/\\\/welcomenext.com\\\/scormproxy\\\/?s={search_term_string}\"},\"query-input\":{\"@type\":\"PropertyValueSpecification\",\"valueRequired\":true,\"valueName\":\"search_term_string\"}}],\"inLanguage\":\"es\"}]}<\/script>\n<!-- \/ Yoast SEO plugin. -->","yoast_head_json":{"title":"scormPROXY | Rechtliche Hinweise","robots":{"index":"index","follow":"follow","max-snippet":"max-snippet:-1","max-image-preview":"max-image-preview:large","max-video-preview":"max-video-preview:-1"},"canonical":"https:\/\/welcomenext.com\/scormproxy\/de\/rechtliche-hinweise\/","og_locale":"es_ES","og_type":"article","og_title":"scormPROXY | Rechtliche Hinweise","og_url":"https:\/\/welcomenext.com\/scormproxy\/de\/rechtliche-hinweise\/","og_site_name":"scormPROXY","article_modified_time":"2025-02-25T17:47:44+00:00","twitter_card":"summary_large_image","twitter_misc":{"Tiempo de lectura":"7 minutos"},"schema":{"@context":"https:\/\/schema.org","@graph":[{"@type":"WebPage","@id":"https:\/\/welcomenext.com\/scormproxy\/de\/rechtliche-hinweise\/","url":"https:\/\/welcomenext.com\/scormproxy\/de\/rechtliche-hinweise\/","name":"scormPROXY | Rechtliche Hinweise","isPartOf":{"@id":"https:\/\/welcomenext.com\/scormproxy\/#website"},"datePublished":"2025-02-25T15:29:42+00:00","dateModified":"2025-02-25T17:47:44+00:00","breadcrumb":{"@id":"https:\/\/welcomenext.com\/scormproxy\/de\/rechtliche-hinweise\/#breadcrumb"},"inLanguage":"es","potentialAction":[{"@type":"ReadAction","target":["https:\/\/welcomenext.com\/scormproxy\/de\/rechtliche-hinweise\/"]}]},{"@type":"BreadcrumbList","@id":"https:\/\/welcomenext.com\/scormproxy\/de\/rechtliche-hinweise\/#breadcrumb","itemListElement":[{"@type":"ListItem","position":1,"name":"Portada","item":"https:\/\/welcomenext.com\/scormproxy\/es\/"},{"@type":"ListItem","position":2,"name":"Rechtliche Hinweise (Aviso Legal)"}]},{"@type":"WebSite","@id":"https:\/\/welcomenext.com\/scormproxy\/#website","url":"https:\/\/welcomenext.com\/scormproxy\/","name":"scormPROXY","description":"Plataforma de distribuci\u00f3n de contenidos","potentialAction":[{"@type":"SearchAction","target":{"@type":"EntryPoint","urlTemplate":"https:\/\/welcomenext.com\/scormproxy\/?s={search_term_string}"},"query-input":{"@type":"PropertyValueSpecification","valueRequired":true,"valueName":"search_term_string"}}],"inLanguage":"es"}]}},"lang":"de","translations":{"de":3160,"en":1273,"es":1167,"fr":3164},"pll_sync_post":[],"_links":{"self":[{"href":"https:\/\/welcomenext.com\/scormproxy\/wp-json\/wp\/v2\/pages\/3160","targetHints":{"allow":["GET"]}}],"collection":[{"href":"https:\/\/welcomenext.com\/scormproxy\/wp-json\/wp\/v2\/pages"}],"about":[{"href":"https:\/\/welcomenext.com\/scormproxy\/wp-json\/wp\/v2\/types\/page"}],"author":[{"embeddable":true,"href":"https:\/\/welcomenext.com\/scormproxy\/wp-json\/wp\/v2\/users\/2"}],"replies":[{"embeddable":true,"href":"https:\/\/welcomenext.com\/scormproxy\/wp-json\/wp\/v2\/comments?post=3160"}],"version-history":[{"count":0,"href":"https:\/\/welcomenext.com\/scormproxy\/wp-json\/wp\/v2\/pages\/3160\/revisions"}],"wp:attachment":[{"href":"https:\/\/welcomenext.com\/scormproxy\/wp-json\/wp\/v2\/media?parent=3160"}],"curies":[{"name":"wp","href":"https:\/\/api.w.org\/{rel}","templated":true}]}}