{"id":3159,"date":"2025-02-25T16:29:31","date_gmt":"2025-02-25T15:29:31","guid":{"rendered":"https:\/\/welcomenext.com\/scormproxy\/?page_id=3159"},"modified":"2025-02-25T19:28:19","modified_gmt":"2025-02-25T18:28:19","slug":"datenschutzrichtlinie","status":"publish","type":"page","link":"https:\/\/welcomenext.com\/scormproxy\/de\/datenschutzrichtlinie\/","title":{"rendered":"Datenschutzrichtlinie (Politica de privacidad)"},"content":{"rendered":"<div class=\"fusion-fullwidth fullwidth-box fusion-builder-row-1 fusion-flex-container nonhundred-percent-fullwidth non-hundred-percent-height-scrolling\" style=\"--awb-border-radius-top-left:0px;--awb-border-radius-top-right:0px;--awb-border-radius-bottom-right:0px;--awb-border-radius-bottom-left:0px;--awb-margin-top:50px;--awb-flex-wrap:wrap;\" ><div class=\"fusion-builder-row fusion-row fusion-flex-align-items-flex-start fusion-flex-content-wrap\" style=\"max-width:1393.6px;margin-left: calc(-4% \/ 2 );margin-right: calc(-4% \/ 2 );\"><div class=\"fusion-layout-column fusion_builder_column fusion-builder-column-0 fusion_builder_column_1_1 1_1 fusion-flex-column\" style=\"--awb-bg-size:cover;--awb-width-large:100%;--awb-margin-top-large:0px;--awb-spacing-right-large:1.92%;--awb-margin-bottom-large:0px;--awb-spacing-left-large:1.92%;--awb-width-medium:100%;--awb-order-medium:0;--awb-spacing-right-medium:1.92%;--awb-spacing-left-medium:1.92%;--awb-width-small:100%;--awb-order-small:0;--awb-spacing-right-small:1.92%;--awb-spacing-left-small:1.92%;\"><div class=\"fusion-column-wrapper fusion-column-has-shadow fusion-flex-justify-content-flex-start fusion-content-layout-column\"><div class=\"fusion-text fusion-text-1\"><h2>DATENSCHUTZRICHTLINIE<\/h2>\n<p>Der Zweck dieser Richtlinie besteht darin, interessierte Parteien \u00fcber die verschiedenen Behandlungen zu informieren, die diese Organisation \u00fcber die Website durchf\u00fchrt und die ihre pers\u00f6nlichen Daten betreffen, gem\u00e4\u00df den Bestimmungen der Verordnung (EU) 2016\/679 des Europ\u00e4ischen Parlaments und des Rates vom 27. April 2016 und des Organgesetzes 3\/2018 vom 5. Dezember zum Schutz personenbezogener Daten und zur Gew\u00e4hrleistung digitaler Rechte.<\/p>\n<h3>1. IDENTIFIZIERUNG UND KONTAKTDATEN DES VERANTWORTLICHEN<\/h3>\n<p>WELCOMENEXT S.L., mit Sitz in Complejo Empresarial Avenida De Europa 26, Ed. Atica 5, 2\u00aa (28224 Pozuelo De Alarcon) Madrid, mit NIF B86432325, Kontakttelefonnummer 911845972 und E-Mail-Adresse privacidad@welcomenext.com<\/p>\n<p>DATENSCHUTZBEAUFTRAGTER<br \/>\nSEGURIDAD Y PRIVACIDAD DE DATOS, SL, mit Kontakttelefonnummer 963 122 868 und E-Mail-Adresse infodpo@forlopd.es<\/p>\n<h3>2. ZWECK DER VERARBEITUNG IHRER PERSONENBEZOGENEN DATEN<\/h3>\n<ul>\n<li>\u25a1 <strong>BENUTZER\/BROWSER DER WEBSITE DES VERANTWORTLICHEN<\/strong><br \/>\nWir verarbeiten die bereitgestellten personenbezogenen Daten, um:<br \/>\n\u25cf auf Anfragen, Beschwerden und Vorf\u00e4lle zu reagieren, die \u00fcber unsere in die Website integrierten Kontaktkan\u00e4le gemeldet werden.<br \/>\n\u25cf das Verhalten des Browsers innerhalb der Website zu verstehen, um m\u00f6gliche Cyberangriffe auf unsere Website zu erkennen.<br \/>\n\u25cf Einhaltung der gesetzlichen Verpflichtungen, die direkt auf uns anwendbar sind und unsere T\u00e4tigkeit regeln.<br \/>\n\u25cf Schutz und Aus\u00fcbung unserer Rechte oder Reaktion auf Anspr\u00fcche jeglicher Art.<br \/>\n\u25cf Gegebenenfalls Zusendung kommerzieller Mitteilungen zu den Waren oder Dienstleistungen, die unsere T\u00e4tigkeit ausmachen, und\/oder Nachrichten oder Bulletins zu unserem Sektor. Ihre Weigerung, uns die Genehmigung zu erteilen, hat zur Folge, dass Ihnen das Unternehmen keine Informationen zusenden kann.<br \/>\n\u25cf Gegebenenfalls Verwaltung Ihrer Teilnahme an Wettbewerben und Werbeaktionen des Unternehmens. Ihre Weigerung, uns die Genehmigung zu erteilen, hat zur Folge, dass Sie nicht teilnehmen k\u00f6nnen.<br \/>\n\u25cf Gegebenenfalls Zusendung von Zufriedenheits- und\/oder Qualit\u00e4tsumfragen. Ihre Weigerung, uns die Genehmigung zu erteilen, hat zur Folge, dass wir die erbrachte Dienstleistung nicht bewerten k\u00f6nnen.<br \/>\n\u25cf Verwaltung Ihrer Registrierung auf der Webplattform des Unternehmens und Generierung eines Benutzernamens und Passworts. Ihre Weigerung, uns die Genehmigung zu erteilen, hat zur Folge, dass wir uns nicht auf der Plattform registrieren k\u00f6nnen.<br \/>\n\u25cf Um das angeforderte Angebot zu verwalten und Ihnen zuzusenden.<\/li>\n<li>\u25a1 <strong>KUNDEN<\/strong><br \/>\nZus\u00e4tzlich zu den im Abschnitt \u201eBenutzer\/Browser der Website\u201c angegebenen Zwecken verarbeiten wir Ihre personenbezogenen Daten, um:<br \/>\n\u25cf die Gesch\u00e4ftsbeziehung zu verwalten.<br \/>\n\u25cf die Bereitstellung der von Ihnen beauftragten Dienste zu verwalten.<br \/>\n\u25cf Verwaltungs-, Buchhaltungs- und Steuerverfahren durchzuf\u00fchren.<\/li>\n<\/ul>\n<h3>3. RECHTSGRUNDLAGE F\u00dcR DIE VERARBEITUNG<\/h3>\n<ul>\n<li>\u25a1 <strong>BENUTZER\/BROWSER DER WEBSITE DES VERANTWORTLICHEN<\/strong><br \/>\n\u25cf Mit Ihrer Zustimmung haben wir Ihre Daten mit den angegebenen Zwecken behandelt. Das Negativ, das Ihren pers\u00f6nlichen Daten zugutekommt, ist die Unm\u00f6glichkeit, Ihre Daten mit den endg\u00fcltigen Fristen zu verhandeln.<br \/>\n\u25cf Zur Erf\u00fcllung der von uns beantragten rechtlichen Verpflichtungen. In diesem Fall besteht kein Interesse daran, die Behandlung pers\u00f6nlicher Daten zu vernachl\u00e4ssigen.<br \/>\n\u25cf In unserem legitimen Interesse, unser Bild zu sch\u00fctzen, verhandeln und betreten wir unsere Website. In diesem Fall war ich nicht daran interessiert, die Behandlung pers\u00f6nlicher Daten zu vernachl\u00e4ssigen, denn ich k\u00f6nnte herausgefunden werden, dass in diesem Fall die \u201eVerschw\u00f6rungen\u201c in den \u201eVerst\u00f6\u00dfen\u201c der gegenw\u00e4rtigen Politik verhandelt werden.<\/li>\n<li>\u25a1 <strong>KUNDEN<\/strong><br \/>\n\u25cf In der von Ihnen erteilten Einwilligung zur Verarbeitung Ihrer Daten f\u00fcr die angegebenen Zwecke. Die Verweigerung der Bereitstellung Ihrer personenbezogenen Daten f\u00fchrt dazu, dass die Verarbeitung Ihrer Daten f\u00fcr die genannten Zwecke nicht m\u00f6glich ist.<br \/>\n\u25cf Um die f\u00fcr uns geltenden gesetzlichen Verpflichtungen einzuhalten. In diesem Fall kann der Interessent die Verarbeitung personenbezogener Daten nicht verweigern.<br \/>\n\u25cf Zur Erf\u00fcllung der von uns beantragten rechtlichen Verpflichtungen. In diesem Fall kann der Interessent die Verarbeitung personenbezogener Daten nicht ablehnen.<\/p>\n<p>\u25cf In unserem berechtigten Interesse, unser Image, unser Gesch\u00e4ft und unsere Geschichte zu sch\u00fctzen, indem wir Angriffe auf unsere Website verhindern. In diesem Fall kann die betroffene Partei die Verarbeitung personenbezogener Daten nicht ablehnen, kann jedoch gegebenenfalls die im Abschnitt \u201eRechte\u201c dieser Richtlinie anerkannten Rechte aus\u00fcben.<\/li>\n<\/ul>\n<h3>4. WEBSITE-TOOLS UND ADD-ONS<\/h3>\n<ul>\n<li><strong>Google Maps<\/strong><br \/>\nWir verwenden Google Maps (API), um Ihnen interaktive Karten direkt auf unserer Website anzuzeigen und Ihnen die Nutzung seiner Funktionen zu erm\u00f6glichen. Bitte beachten Sie, dass Google zu diesem Zweck bei der Nutzung des Dienstes Informationen \u00fcber Ihre Nutzung erhebt und speichert. Bitte beachten Sie, dass die Nutzung von Google internationale Daten\u00fcbertragungen beinhalten kann, die nicht auf einer Angemessenheitsentscheidung der Europ\u00e4ischen Kommission oder der Bereitstellung geeigneter Garantien beruhen und daher kein angemessenes Schutzniveau gem\u00e4\u00df den Bestimmungen der DSGVO aufweisen. Bitte beachten Sie, dass diese Tatsache f\u00fcr die entsprechenden Zwecke bestimmte Risiken f\u00fcr den Schutz Ihrer personenbezogenen Daten mit sich bringen kann. Zu diesen Risiken k\u00f6nnen das Fehlen einer gleichwertigen Aufsichtsbeh\u00f6rde f\u00fcr den Datenschutz und\/oder gleichwertiger Grunds\u00e4tze f\u00fcr den Schutz der Datenverarbeitung und\/oder gleichwertiger Rechte der betroffenen Personen auf Schutz geh\u00f6ren. Aus diesem Grund empfehlen wir Ihnen, die Datenschutzrichtlinie unseres Anbieters vorher sorgf\u00e4ltig zu lesen, indem Sie <a href=\"https:\/\/policies.google.com\/privacy?hl=de\">hier<\/a> klicken.<\/li>\n<li><strong>Youtube<\/strong><br \/>\nUnsere Website verwendet Plugins der von Google betriebenen Plattform YouTube. YouTube wird Ihr Surfverhalten nur dann Ihrem pers\u00f6nlichen Profil zuordnen, wenn Sie in Ihrem Konto eingeloggt sind. Dies k\u00f6nnen Sie verhindern, indem Sie sich ausloggen.<br \/>\nWir empfehlen Ihnen, die Datenschutzrichtlinie unseres Anbieters vorher sorgf\u00e4ltig zu lesen, indem Sie <a href=\"https:\/\/policies.google.com\/privacy?hl=de\">hier<\/a> klicken.<\/li>\n<li><strong>Stripe<\/strong><br \/>\nIm Rahmen unserer Dienste verwenden wir das Zahlungsgateway Stripe, um Finanztransaktionen abzuwickeln und sicherzustellen, dass Ihre Zahlungen sicher und effizient durchgef\u00fchrt werden. Wir empfehlen Ihnen, die Datenschutzrichtlinie von Stripe vorab zu lesen, um zu verstehen, wie sie mit Ihren pers\u00f6nlichen Daten umgehen, indem Sie <a href=\"https:\/\/stripe.com\/privacy\">hier<\/a> klicken.<\/li>\n<\/ul>\n<h3>5. DATENSPEICHERZEITR\u00c4UME ODER KRITERIEN<\/h3>\n<p>Die bereitgestellten personenbezogenen Daten werden f\u00fcr die Zeit gespeichert, die erforderlich ist, um die Zwecke zu erf\u00fcllen, f\u00fcr die sie urspr\u00fcnglich erhoben wurden.<\/p>\n<p>Sobald die Daten f\u00fcr die betreffende Verarbeitung nicht mehr erforderlich sind, werden sie ordnungsgem\u00e4\u00df gesperrt, um sie gegebenenfalls den zust\u00e4ndigen \u00f6ffentlichen Verwaltungen und Stellen, Richtern und Gerichten oder der Staatsanwaltschaft w\u00e4hrend der Verj\u00e4hrungsfrist f\u00fcr Klagen zur Verf\u00fcgung zu stellen, die sich aus der mit dem Kunden unterhaltenen Beziehung ergeben k\u00f6nnen, und\/oder w\u00e4hrend der gesetzlich festgelegten Aufbewahrungsfristen.<\/p>\n<p>Datensperrzeit:<\/p>\n<p>\u25cf <strong>B\u00dcRGERLICHES GESETZBUCH<\/strong>. Je nach Fall zwischen 1 und 5 Jahren, gem\u00e4\u00df den Bestimmungen der Artikel 1964.2 und 1968.2 der oben genannten Rechtsform.<br \/>\n\u25cf <strong>HANDELSGESETZBUCH<\/strong>. 6 Jahre, gem\u00e4\u00df den Bestimmungen des Artikels 30 der oben genannten Rechtsform. Gilt f\u00fcr kommerzielle Informationen im Zusammenhang mit (ausgestellten und erhaltenen Rechnungen, Tickets, Korrekturrechnungen, Bankdokumenten usw.).<br \/>\n\u25cf <strong>ALLGEMEINES STEUERRECHT<\/strong>. 4 Jahre, gem\u00e4\u00df den Bestimmungen der Artikel 66 bis 70 der oben genannten Rechtsform. Gilt f\u00fcr Informationen im Zusammenhang mit Steuerpflichten.<\/p>\n<h3>6. AUTOMATISIERTE ENTSCHEIDUNGEN UND PROFILING<\/h3>\n<p>Die Website trifft keine automatisierten Entscheidungen und erstellt keine Profile.<\/p>\n<h3>7. EMPF\u00c4NGER<\/h3>\n<p>W\u00e4hrend der Dauer der Verarbeitung Ihrer personenbezogenen Daten kann die Organisation Ihre Daten an folgende Empf\u00e4nger \u00fcbermitteln:<br \/>\n\u25cf Richter und Gerichte.<br \/>\n\u25cf Staatliche Sicherheitskr\u00e4fte und -korps.<br \/>\n\u25cf Andere zust\u00e4ndige \u00f6ffentliche Beh\u00f6rden oder Stellen, wenn der Verantwortliche gesetzlich verpflichtet ist, personenbezogene Daten bereitzustellen.<br \/>\n\u25cf Gegebenenfalls an jene Datenverarbeiter, die uns Dienstleistungen erbringen.<br \/>\n\u25cf Banken und Finanzinstitute.<\/p>\n<h3>8. INTERNATIONALE DATEN\u00dcBERTRAGUNGEN<\/h3>\n<p>Die Organisation f\u00fchrt keine internationalen Daten\u00fcbertragungen durch. F\u00fcr den Fall, dass sp\u00e4ter internationale Daten\u00fcbertragungen erforderlich sind, wird der Schutzgrad des Ziellandes \u00fcberpr\u00fcft und die gesetzlich vorgeschriebenen Garantien werden \u00fcbernommen.<\/p>\n<h3>9. SOZIALE NETZWERKE<\/h3>\n<p>Um Sie an unserer T\u00e4tigkeit teilhaben zu lassen und Sie \u00fcber unsere Neuigkeiten auf dem Laufenden zu halten, informieren wir Sie dar\u00fcber, dass WELCOMENEXT S.L. hat ein Profil in sozialen Netzwerken erstellt.<\/p>\n<p>Alle Benutzer haben die M\u00f6glichkeit, unseren sozialen Netzwerken oder Gruppen beizutreten. Sie m\u00fcssen jedoch bedenken, dass Ihre Daten, sofern wir Ihre Daten nicht direkt anfordern (beispielsweise durch Marketingaktionen, Wettbewerbe, Werbeaktionen oder eine andere g\u00fcltige Form), dem entsprechenden sozialen Netzwerk geh\u00f6ren. Wir empfehlen Ihnen daher, dessen Nutzungsbedingungen und Datenschutzrichtlinien sorgf\u00e4ltig zu lesen und Ihre Pr\u00e4ferenzen bez\u00fcglich der Datenverarbeitung zu konfigurieren.<\/p>\n<p>Nachfolgend finden Sie den Link zu den Datenschutzrichtlinien der verschiedenen sozialen Netzwerke, in denen wir vertreten sind, sodass Sie jederzeit auf die Datenschutzrichtlinien zugreifen und Ihr Profil so konfigurieren k\u00f6nnen, dass Ihre Privatsph\u00e4re gesch\u00fctzt ist:<\/p>\n<p><strong>LinkedIN<\/strong>: <a href=\"https:\/\/www.linkedin.com\/legal\/privacy-policy\">https:\/\/www.linkedin.com\/legal\/privacy-policy<\/a><br \/>\n<strong>Youtube<\/strong>: <a href=\"https:\/\/www.youtube.com\/intl\/ALL_en\/howyoutubeworks\/our-commitments\/protecting-user-data\/\">https:\/\/www.youtube.com\/intl\/ALL_en\/howyoutubeworks\/our-commitments\/protecting-user-data\/<\/a><br \/>\n<strong>Instagram<\/strong>: <a href=\"https:\/\/privacycenter.instagram.com\/\">https:\/\/privacycenter.instagram.com\/<\/a><\/p>\n<h3>10. RECHTE<\/h3>\n<p>Betroffene k\u00f6nnen weitere Informationen \u00fcber die Verarbeitung ihrer personenbezogenen Daten anfordern sowie jederzeit und kostenlos ihr Recht auf Zugriff, Berichtigung und L\u00f6schung aus\u00fcben, die Einschr\u00e4nkung der Verarbeitung ihrer personenbezogenen Daten verlangen, ihr widersprechen, die \u00dcbertragbarkeit dieser Daten verlangen (sofern technisch m\u00f6glich) oder die erteilte Einwilligung widerrufen und gegebenenfalls nicht einer Entscheidung unterworfen werden, die ausschlie\u00dflich auf einer automatisierten Verarbeitung, einschlie\u00dflich Profilerstellung, beruht.<\/p>\n<p>Hierzu k\u00f6nnen Sie die von der Organisation bereitgestellten Formulare verwenden oder einen Brief an die in der \u00dcberschrift angegebene Postanschrift oder E-Mail-Adresse senden. Zu den entsprechenden Zwecken informieren wir Sie, dass Sie m\u00f6glicherweise nach Ihrem Ausweis oder einem anderen \u00e4hnlichen Dokument gefragt werden, um Ihre Identit\u00e4t nachzuweisen, sofern dies nicht durch andere, weniger aufdringliche Mittel erfolgen kann.<\/p>\n<p>Wenn Sie der Meinung sind, dass Ihre Rechte in Bezug auf den Schutz Ihrer personenbezogenen Daten verletzt wurden, insbesondere wenn Sie bei der Aus\u00fcbung Ihrer Rechte keine zufriedenstellende L\u00f6sung erhalten haben, k\u00f6nnen Sie eine Beschwerde bei der zust\u00e4ndigen Datenschutzbeh\u00f6rde (spanische Datenschutzbeh\u00f6rde) \u00fcber deren Website <a href=\"https:\/\/www.aepd.es\">https:\/\/www.aepd.es<\/a> einreichen.<\/p>\n<p>In \u00dcbereinstimmung mit den Bestimmungen von Artikel 21 des Gesetzes 34\/2002 \u00fcber Dienste der Informationsgesellschaft und elektronischen Handel k\u00f6nnen Sie sich abmelden, wenn Sie keine weiteren Informationen \u00fcber unsere Dienste erhalten m\u00f6chten, indem Sie eine E-Mail an privacidad@welcomenext.com mit dem Betreff \u201e<strong>ABMELDEN<\/strong>\u201c senden.<\/p>\n<h3>11. WAHRHEIT DER DATEN<\/h3>\n<p>Der Interessent garantiert, dass die bereitgestellten Daten wahr, genau, vollst\u00e4ndig und aktuell sind. Der Benutzer verpflichtet sich, \u00fcber alle \u00c4nderungen der bereitgestellten Daten \u00fcber die zu diesem Zweck eingerichteten und in Punkt eins dieser Richtlinie angegebenen Kan\u00e4le zu informieren. Der Benutzer ist f\u00fcr alle direkten und indirekten Sch\u00e4den verantwortlich, die durch die Nichteinhaltung dieser Verpflichtung entstehen k\u00f6nnen.<\/p>\n<p>F\u00fcr den Fall, dass der Benutzer Daten von Dritten bereitstellt, erkl\u00e4rt der Benutzer, dass er die Zustimmung der Interessenten hat, und verpflichtet sich, die in dieser Klausel enthaltenen Informationen an diese weiterzugeben, wodurch die Organisation von jeglicher Haftung befreit wird, die sich aus der Nichteinhaltung dieser Verpflichtung ergibt.<\/p>\n<h3>12. \u00c4NDERUNGEN UND AKTUALISIERUNGEN<\/h3>\n<p>Diese Datenschutzrichtlinie kann aufgrund festgelegter gesetzlicher Anforderungen oder zur Anpassung dieser Richtlinie an die Anweisungen der spanischen Datenschutzbeh\u00f6rde oder aufgrund von \u00c4nderungen an unserer Website ge\u00e4ndert\/aktualisiert werden. Aus diesem Grund empfehlen wir den Benutzern, unsere Datenschutzrichtlinie regelm\u00e4\u00dfig zu \u00fcberpr\u00fcfen.<\/p>\n<p>Wenn Sie Fragen zu dieser Richtlinie haben, k\u00f6nnen Sie WELCOMENEXT S.L. \u00fcber die von der Organisation bereitgestellten Formulare oder durch Senden eines Briefs an die in der Kopfzeile angegebene Postanschrift oder E-Mail-Adresse kontaktieren.<\/p>\n<h4>Letzte \u00dcberarbeitung: 21. Mai 2024<\/h4>\n<\/div><\/div><\/div><\/div><\/div>\n","protected":false},"excerpt":{"rendered":"","protected":false},"author":2,"featured_media":0,"parent":0,"menu_order":0,"comment_status":"closed","ping_status":"closed","template":"","meta":{"iawp_total_views":6,"footnotes":""},"class_list":["post-3159","page","type-page","status-publish","hentry"],"yoast_head":"<!-- This site is optimized with the Yoast SEO plugin v27.3 - https:\/\/yoast.com\/product\/yoast-seo-wordpress\/ -->\n<title>scormPROXY | Datenschutzrichtlinie<\/title>\n<meta name=\"robots\" content=\"index, follow, max-snippet:-1, max-image-preview:large, max-video-preview:-1\" \/>\n<link rel=\"canonical\" href=\"https:\/\/welcomenext.com\/scormproxy\/de\/datenschutzrichtlinie\/\" \/>\n<meta property=\"og:locale\" content=\"es_ES\" \/>\n<meta property=\"og:type\" content=\"article\" \/>\n<meta property=\"og:title\" content=\"scormPROXY | Datenschutzrichtlinie\" \/>\n<meta property=\"og:url\" content=\"https:\/\/welcomenext.com\/scormproxy\/de\/datenschutzrichtlinie\/\" \/>\n<meta property=\"og:site_name\" content=\"scormPROXY\" \/>\n<meta property=\"article:modified_time\" content=\"2025-02-25T18:28:19+00:00\" \/>\n<meta name=\"twitter:card\" content=\"summary_large_image\" \/>\n<meta name=\"twitter:label1\" content=\"Tiempo de lectura\" \/>\n\t<meta name=\"twitter:data1\" content=\"5 minutos\" \/>\n<script type=\"application\/ld+json\" class=\"yoast-schema-graph\">{\"@context\":\"https:\\\/\\\/schema.org\",\"@graph\":[{\"@type\":\"WebPage\",\"@id\":\"https:\\\/\\\/welcomenext.com\\\/scormproxy\\\/de\\\/datenschutzrichtlinie\\\/\",\"url\":\"https:\\\/\\\/welcomenext.com\\\/scormproxy\\\/de\\\/datenschutzrichtlinie\\\/\",\"name\":\"scormPROXY | Datenschutzrichtlinie\",\"isPartOf\":{\"@id\":\"https:\\\/\\\/welcomenext.com\\\/scormproxy\\\/#website\"},\"datePublished\":\"2025-02-25T15:29:31+00:00\",\"dateModified\":\"2025-02-25T18:28:19+00:00\",\"breadcrumb\":{\"@id\":\"https:\\\/\\\/welcomenext.com\\\/scormproxy\\\/de\\\/datenschutzrichtlinie\\\/#breadcrumb\"},\"inLanguage\":\"es\",\"potentialAction\":[{\"@type\":\"ReadAction\",\"target\":[\"https:\\\/\\\/welcomenext.com\\\/scormproxy\\\/de\\\/datenschutzrichtlinie\\\/\"]}]},{\"@type\":\"BreadcrumbList\",\"@id\":\"https:\\\/\\\/welcomenext.com\\\/scormproxy\\\/de\\\/datenschutzrichtlinie\\\/#breadcrumb\",\"itemListElement\":[{\"@type\":\"ListItem\",\"position\":1,\"name\":\"Portada\",\"item\":\"https:\\\/\\\/welcomenext.com\\\/scormproxy\\\/es\\\/\"},{\"@type\":\"ListItem\",\"position\":2,\"name\":\"Datenschutzrichtlinie (Politica de privacidad)\"}]},{\"@type\":\"WebSite\",\"@id\":\"https:\\\/\\\/welcomenext.com\\\/scormproxy\\\/#website\",\"url\":\"https:\\\/\\\/welcomenext.com\\\/scormproxy\\\/\",\"name\":\"scormPROXY\",\"description\":\"Plataforma de distribuci\u00f3n de contenidos\",\"potentialAction\":[{\"@type\":\"SearchAction\",\"target\":{\"@type\":\"EntryPoint\",\"urlTemplate\":\"https:\\\/\\\/welcomenext.com\\\/scormproxy\\\/?s={search_term_string}\"},\"query-input\":{\"@type\":\"PropertyValueSpecification\",\"valueRequired\":true,\"valueName\":\"search_term_string\"}}],\"inLanguage\":\"es\"}]}<\/script>\n<!-- \/ Yoast SEO plugin. -->","yoast_head_json":{"title":"scormPROXY | Datenschutzrichtlinie","robots":{"index":"index","follow":"follow","max-snippet":"max-snippet:-1","max-image-preview":"max-image-preview:large","max-video-preview":"max-video-preview:-1"},"canonical":"https:\/\/welcomenext.com\/scormproxy\/de\/datenschutzrichtlinie\/","og_locale":"es_ES","og_type":"article","og_title":"scormPROXY | Datenschutzrichtlinie","og_url":"https:\/\/welcomenext.com\/scormproxy\/de\/datenschutzrichtlinie\/","og_site_name":"scormPROXY","article_modified_time":"2025-02-25T18:28:19+00:00","twitter_card":"summary_large_image","twitter_misc":{"Tiempo de lectura":"5 minutos"},"schema":{"@context":"https:\/\/schema.org","@graph":[{"@type":"WebPage","@id":"https:\/\/welcomenext.com\/scormproxy\/de\/datenschutzrichtlinie\/","url":"https:\/\/welcomenext.com\/scormproxy\/de\/datenschutzrichtlinie\/","name":"scormPROXY | Datenschutzrichtlinie","isPartOf":{"@id":"https:\/\/welcomenext.com\/scormproxy\/#website"},"datePublished":"2025-02-25T15:29:31+00:00","dateModified":"2025-02-25T18:28:19+00:00","breadcrumb":{"@id":"https:\/\/welcomenext.com\/scormproxy\/de\/datenschutzrichtlinie\/#breadcrumb"},"inLanguage":"es","potentialAction":[{"@type":"ReadAction","target":["https:\/\/welcomenext.com\/scormproxy\/de\/datenschutzrichtlinie\/"]}]},{"@type":"BreadcrumbList","@id":"https:\/\/welcomenext.com\/scormproxy\/de\/datenschutzrichtlinie\/#breadcrumb","itemListElement":[{"@type":"ListItem","position":1,"name":"Portada","item":"https:\/\/welcomenext.com\/scormproxy\/es\/"},{"@type":"ListItem","position":2,"name":"Datenschutzrichtlinie (Politica de privacidad)"}]},{"@type":"WebSite","@id":"https:\/\/welcomenext.com\/scormproxy\/#website","url":"https:\/\/welcomenext.com\/scormproxy\/","name":"scormPROXY","description":"Plataforma de distribuci\u00f3n de contenidos","potentialAction":[{"@type":"SearchAction","target":{"@type":"EntryPoint","urlTemplate":"https:\/\/welcomenext.com\/scormproxy\/?s={search_term_string}"},"query-input":{"@type":"PropertyValueSpecification","valueRequired":true,"valueName":"search_term_string"}}],"inLanguage":"es"}]}},"lang":"de","translations":{"de":3159,"en":1274,"es":1168,"fr":3008},"pll_sync_post":[],"_links":{"self":[{"href":"https:\/\/welcomenext.com\/scormproxy\/wp-json\/wp\/v2\/pages\/3159","targetHints":{"allow":["GET"]}}],"collection":[{"href":"https:\/\/welcomenext.com\/scormproxy\/wp-json\/wp\/v2\/pages"}],"about":[{"href":"https:\/\/welcomenext.com\/scormproxy\/wp-json\/wp\/v2\/types\/page"}],"author":[{"embeddable":true,"href":"https:\/\/welcomenext.com\/scormproxy\/wp-json\/wp\/v2\/users\/2"}],"replies":[{"embeddable":true,"href":"https:\/\/welcomenext.com\/scormproxy\/wp-json\/wp\/v2\/comments?post=3159"}],"version-history":[{"count":0,"href":"https:\/\/welcomenext.com\/scormproxy\/wp-json\/wp\/v2\/pages\/3159\/revisions"}],"wp:attachment":[{"href":"https:\/\/welcomenext.com\/scormproxy\/wp-json\/wp\/v2\/media?parent=3159"}],"curies":[{"name":"wp","href":"https:\/\/api.w.org\/{rel}","templated":true}]}}