{"id":1168,"date":"2021-04-22T19:02:42","date_gmt":"2021-04-22T17:02:42","guid":{"rendered":"https:\/\/www.welcomenext.com\/scormproxy\/?page_id=1168"},"modified":"2024-09-05T16:48:59","modified_gmt":"2024-09-05T14:48:59","slug":"politica-de-privacidad","status":"publish","type":"page","link":"https:\/\/welcomenext.com\/scormproxy\/es\/politica-de-privacidad\/","title":{"rendered":"Politica de privacidad"},"content":{"rendered":"<div class=\"fusion-fullwidth fullwidth-box fusion-builder-row-1 fusion-flex-container nonhundred-percent-fullwidth non-hundred-percent-height-scrolling\" style=\"--awb-border-radius-top-left:0px;--awb-border-radius-top-right:0px;--awb-border-radius-bottom-right:0px;--awb-border-radius-bottom-left:0px;--awb-margin-top:50px;--awb-flex-wrap:wrap;\" ><div class=\"fusion-builder-row fusion-row fusion-flex-align-items-flex-start fusion-flex-content-wrap\" style=\"max-width:1393.6px;margin-left: calc(-4% \/ 2 );margin-right: calc(-4% \/ 2 );\"><div class=\"fusion-layout-column fusion_builder_column fusion-builder-column-0 fusion_builder_column_1_1 1_1 fusion-flex-column\" style=\"--awb-bg-size:cover;--awb-width-large:100%;--awb-margin-top-large:0px;--awb-spacing-right-large:1.92%;--awb-margin-bottom-large:0px;--awb-spacing-left-large:1.92%;--awb-width-medium:100%;--awb-order-medium:0;--awb-spacing-right-medium:1.92%;--awb-spacing-left-medium:1.92%;--awb-width-small:100%;--awb-order-small:0;--awb-spacing-right-small:1.92%;--awb-spacing-left-small:1.92%;\"><div class=\"fusion-column-wrapper fusion-column-has-shadow fusion-flex-justify-content-flex-start fusion-content-layout-column\"><div class=\"fusion-text fusion-text-1\"><h2>POL\u00cdTICA DE PRIVACIDAD<\/h2>\n<p>El objetivo de esta pol\u00edtica es informar a los interesados acerca de los distintos tratamientos realizados por esta organizaci\u00f3n mediante la p\u00e1gina web y que afecten a sus datos personales, de conformidad con lo establecido en el Reglamento (UE) 2016\/679 del Parlamento Europeo y del Consejo de 27 de abril de 2016 y en la Ley Org\u00e1nica 3\/2018, de 5 de diciembre, de Protecci\u00f3n de Datos Personales y garant\u00eda de los derechos digitales.<\/p>\n<h3>1. IDENTIFICACI\u00d3N Y DATOS DE CONTACTO DEL RESPONSABLE<\/h3>\n<p>WELCOMENEXT S.L., domiciliada en Complejo Empresarial Avenida De Europa 26, Ed. Atica 5, 2\u00aa (28224 Pozuelo De Alarcon) Madrid, con NIF B86432325, tel\u00e9fono de contacto 911845972 y correo electr\u00f3nico privacidad@welcomenext.com<\/p>\n<p>DELEGADO DE PROTECCI\u00d3N DE DATOS<br \/>\nSEGURIDAD Y PRIVACIDAD DE DATOS, SL, con tel\u00e9fono de contacto 963 122 868 y correo electr\u00f3nico infodpo@forlopd.es<\/p>\n<h3>2. FINALIDADES DEL TRATAMIENTO DE SUS DATOS PERSONALES<\/h3>\n<ul>\n<li>\u25a1 <strong>USUARIOS\/NAVEGANTES DE LA P\u00c1GINA WEB DEL RESPONSABLE<\/strong><br \/>\nTrataremos los datos de car\u00e1cter personal facilitados para:<br \/>\n\u25cf Atender a las solicitudes, quejas e incidencias trasladadas a trav\u00e9s de nuestros canales de contacto incorporados en la p\u00e1gina web.<br \/>\n\u25cf Entender el comportamiento del navegante dentro de la web con el fin de detectar posibles ataques inform\u00e1ticos a nuestra web.<br \/>\n\u25cf Cumplir con las obligaciones legales que nos resulten directamente aplicables y regulen nuestra actividad.<br \/>\n\u25cf Proteger y ejercer nuestros derechos o responder ante reclamaciones de cualquier \u00edndole.<br \/>\n\u25cf En su caso, env\u00edo de comunicaciones comerciales relativas a los bienes o servicios que conforman nuestra actividad y\/o noticias o boletines relacionados con nuestro sector. Su negativa a facilitarnos la autorizaci\u00f3n implicar\u00e1 la imposibilidad de enviarle informaci\u00f3n por parte de la entidad.<br \/>\n\u25cf En su caso, gestionar su participaci\u00f3n en concursos y promociones que realice la entidad. Su negativa a facilitarnos la autorizaci\u00f3n implicar\u00e1 la imposibilidad de participar.<br \/>\n\u25cf En su caso, enviar encuestas de satisfacci\u00f3n y\/o calidad. Su negativa a facilitarnos la autorizaci\u00f3n implicar\u00e1 la imposibilidad de evaluar el servicio prestado.<br \/>\n\u25cf Gestionar su registro en la plataforma web de la entidad y generar un usuario y contrase\u00f1a. Su negativa a facilitarnos la autorizaci\u00f3n implicar\u00e1 la imposibilidad de efectuar su registro en la plataforma.<br \/>\n\u25cf Gestionar y enviarle el presupuesto solicitado.<\/li>\n<li>\u25a1 <strong>CLIENTES<\/strong><br \/>\nEn suma a las finalidades se\u00f1aladas en el apartado \u00abusuarios\/navegantes de la p\u00e1gina web\u00bb, trataremos sus datos de car\u00e1cter personal facilitados para:<br \/>\n\u25cf Gestionar la relaci\u00f3n comercial.<br \/>\n\u25cf Gestionar la prestaci\u00f3n de los servicios que haya contratado.<br \/>\n\u25cf Realizar gestiones administrativas, contables y fiscales.<\/li>\n<\/ul>\n<h3>3. BASE JUR\u00cdDICA DEL TRATAMIENTO<\/h3>\n<ul>\n<li>\u25a1 <strong>USUARIOS\/NAVEGANTES DE LA P\u00c1GINA WEB DEL RESPONSABLE<\/strong><br \/>\n\u25cf En el consentimiento que nos has prestado para tratar tus datos con las finalidades indicadas. La negativa a facilitar sus datos personales conllevara la imposibilidad de tratar sus datos con las finalidades mencionadas.<br \/>\n\u25cf Para cumplir con las obligaciones legales que se nos aplican. En este caso, el interesado no podr\u00e1 negarse al tratamiento de los datos personales.<br \/>\n\u25cf En nuestro inter\u00e9s leg\u00edtimo de proteger nuestra imagen, negocio y trayectoria evitando ataques a nuestra p\u00e1gina web. En este caso, el interesado no podr\u00e1 negarse al tratamiento de los datos personales, aunque podr\u00e1 ejercer, en su caso, los derechos reconocidos en el apartado \u00abderechos\u00bb de la presente pol\u00edtica.<\/li>\n<li>\u25a1 <strong>CLIENTES<\/strong><br \/>\n\u25cf Ejecuci\u00f3n de un contrato en el que sea parte o aplicaci\u00f3n de medias precontractuales. La negativa a facilitar sus datos personales conllevara la imposibilidad de tratar sus datos con las finalidades mencionadas.<br \/>\n\u25cf En el consentimiento que nos has prestado para tratar tus datos respecto de las finalidades ajenas al desarrollo o ejecuci\u00f3n del contrato existente. La negativa a facilitar sus datos personales conllevara la imposibilidad de tratar sus datos con las finalidades mencionadas.<br \/>\n\u25cf Para cumplir con las obligaciones legales que se nos aplican. En este caso, el interesado no podr\u00e1 negarse al tratamiento de los datos personales.<br \/>\n\u25cf En nuestro inter\u00e9s leg\u00edtimo de proteger nuestra imagen, negocio y trayectoria evitando ataques a nuestra p\u00e1gina web. En este caso, el interesado no podr\u00e1 negarse al tratamiento de los datos personales, aunque podr\u00e1 ejercer, en su caso, los derechos reconocidos en el apartado \u00abderechos\u00bb de la presente pol\u00edtica.<\/li>\n<\/ul>\n<h3>4. COMPLEMENTOS Y HERRAMIENTAS DEL SITIO WEB<\/h3>\n<ul>\n<li><strong>Google maps<\/strong><br \/>\nUtilizamos Google Maps (API) con la finalidad demostrarle mapas interactivos directamente en nuestro sitio web y permitirle utilizar sus funciones. A estos efectos, debe tener en cuenta que, al utilizar el servicio, Google recabar\u00e1 y almacenar\u00e1 informaci\u00f3n sobre su uso. Le informamos que el uso de Google puede conllevar Transferencias Internacionales de Datos no basadas en una decisi\u00f3n de adecuaci\u00f3n de la Comisi\u00f3n Europea ni en el ofrecimiento de garant\u00edas adecuadas, por lo que, no cuentan con un nivel id\u00f3neo de protecci\u00f3n de conformidad con lo dispuesto por el RGPD. A los efectos oportunos, le informamos que este hecho puede conllevar ciertos riesgos para la protecci\u00f3n de sus datos de car\u00e1cter personal. Dichos riesgos derivados pueden incluir que no exista una autoridad supervisora de protecci\u00f3n equivalente y\/o unos principios de protecci\u00f3n de tratamiento de datos y\/o unos derechos de protecci\u00f3n de las personas interesadas equivalentes. Por todo ello, le recomendamos que, de forma previa, lea detenidamente la pol\u00edtica de privacidad de nuestro proveedor haciendo clic <a href=\"https:\/\/policies.google.com\/privacy?hl=es\">aqu\u00ed<\/a>.<\/li>\n<li><strong>Youtube<\/strong><br \/>\nNuestro sitio web utiliza complementos de la plataforma YouTube con tecnolog\u00eda ofrecida por Google. YouTube \u00fanicamente asociar\u00e1 su comportamiento de navegaci\u00f3n a su perfil personal si tiene iniciada la sesi\u00f3n en su cuenta. Puedes evitar esto cerrando la sesi\u00f3n.<br \/>\nLe recomendamos que, de forma previa, lea detenidamente la pol\u00edtica de privacidad de nuestro proveedor haciendo clic <a href=\"https:\/\/policies.google.com\/privacy?hl=es\">aqu\u00ed<\/a>.<\/li>\n<li><strong>Stripe<\/strong><br \/>\nComo parte de nuestros servicios, utilizamos la pasarela de pagos Stripe para procesar transacciones financieras y asegurarnos de que sus pagos se realicen de manera segura y eficiente. Le recomendamos que, de forma previa, revise la pol\u00edtica de privacidad de Stripe para comprender c\u00f3mo manejan su informaci\u00f3n personal haciendo clic <a href=\"https:\/\/stripe.com\/es\/privacy\">aqu\u00ed<\/a>.<\/li>\n<\/ul>\n<h3>5. PLAZOS O CRITERIOS DE CONSERVACI\u00d3N DE LOS DATOS<\/h3>\n<p>Los datos personales proporcionados se conservar\u00e1n durante el tiempo necesario para cumplir con las finalidades para los que fueron recopilados inicialmente.<\/p>\n<p>Una vez que los datos dejen de ser necesarios para el tratamiento en cuesti\u00f3n, estos se mantendr\u00e1n debidamente bloqueados para, en su caso, ponerlos a disposici\u00f3n de las Administraciones y Organismos P\u00fablicas competentes, Jueces y Tribunales o el Ministerio Fiscal, durante el plazo de prescripci\u00f3n de las acciones que pudieran derivarse de la relaci\u00f3n mantenida con el cliente y\/o los plazos de conservaci\u00f3n previstos legalmente.<\/p>\n<p>Periodo de bloqueo de los datos:<\/p>\n<p>\u25cf <strong>EL C\u00d3DIGO CIVIL<\/strong>. Entre 1 y 5 a\u00f1os seg\u00fan el caso, atendiendo a lo dispuesto en los art\u00edculos 1964.2 y 1968.2 del cuerpo legal mencionado.<br \/>\n\u25cf <strong>EL C\u00d3DIGO DEL COMERCIO<\/strong>. Durante 6 a\u00f1os, atendiendo a dispuesto en el art\u00edculo 30 del cuerpo legal mencionado. Se aplica respecto de la informaci\u00f3n mercantil relacionada con (facturas emitidas y recibidas, tickets, facturas rectificativas, documentos bancarios, etc.).<br \/>\n\u25cf <strong>LA LEY GENERAL TRIBUTARIA<\/strong>. Durante 4 a\u00f1os atendiendo a dispuesto en los art\u00edculos 66 a 70 del cuerpo legal mencionado. Se aplica a la informaci\u00f3n relacionada con las obligaciones fiscales.<\/p>\n<h3>6. DECISIONES AUTOMATIZADAS Y ELABORACI\u00d3N DE PERFILES<\/h3>\n<p>La p\u00e1gina web no toma decisiones automatizadas ni elabora perfiles.<\/p>\n<h3>7. DESTINATARIOS<\/h3>\n<p>Durante el periodo de duraci\u00f3n del tratamiento de sus datos personales, la organizaci\u00f3n podr\u00e1 ceder sus datos a los siguientes destinatarios:<br \/>\n\u25cf Jueces y Tribunales.<br \/>\n\u25cf Fuerzas y Cuerpos de Seguridad del Estado.<br \/>\n\u25cf Otras autoridades u organismos p\u00fablicos competentes, cuando el responsable tenga la obligaci\u00f3n legal de facilitar los datos personales.<br \/>\n\u25cf En su caso, a aquellos Encargados de Tratamiento que nos brinden servicios.<br \/>\n\u25cf Bancos y Entidades Financieras.<\/p>\n<h3>8. TRANSFERENCIAS INTERNACIONALES DE DATOS<\/h3>\n<p>La organizaci\u00f3n no realiza Transferencia Internacional de Datos alguna. En caso de que posteriormente fuera necesario realizar transferencias internacionales de datos, se verificar\u00e1 el grado de protecci\u00f3n del pa\u00eds de destino y se adoptar\u00e1n las garant\u00edas exigidas por la normativa.<\/p>\n<h3>9. REDES SOCIALES<\/h3>\n<p>Con la finalidad de hacerle part\u00edcipe de nuestra actividad, y de que pueda estar al tanto de nuestras novedades, le informamos de que WELCOMENEXT S.L. tiene creado un perfil en las Redes Sociales.<\/p>\n<p>Todos los usuarios tienen la oportunidad de unirse a nuestras redes sociales o grupos. Sin embargo, debe tener en cuenta que, salvo que le solicitemos sus datos directamente (por ejemplo, mediante acciones de marketing, concursos, promociones, o cualquier otra forma v\u00e1lida), sus datos pertenecer\u00e1n a la Red Social correspondiente, por lo que le recomendamos que lea detenidamente sus condiciones de uso y pol\u00edticas de privacidad, as\u00ed como, se asegure de configurar sus preferencias en cuanto al tratamiento de los datos.<\/p>\n<p>A continuaci\u00f3n, detallamos el enlace a la pol\u00edtica de privacidad a las distintas Redes Sociales en las que tenemos presencia, para que pueda acceder en todo momento a las pol\u00edticas de privacidad y configurar su perfil para garantizar su privacidad:<\/p>\n<p><strong>LinkedIN<\/strong>: <a href=\"https:\/\/es.linkedin.com\/legal\/privacy-policy\">https:\/\/es.linkedin.com\/legal\/privacy-policy<\/a><br \/>\n<strong>Youtube<\/strong>: <a href=\"https:\/\/www.youtube.com\/intl\/ALL_es\/howyoutubeworks\/our-commitments\/protecting-user-data\/\">https:\/\/www.youtube.com\/intl\/ALL_es\/howyoutubeworks\/our-commitments\/protecting-user-data\/<\/a><br \/>\n<strong>Instagram<\/strong>: <a href=\"https:\/\/privacycenter.instagram.com\/\">https:\/\/privacycenter.instagram.com\/<\/a><\/p>\n<h3>10. DERECHOS<\/h3>\n<p>Los interesados podr\u00e1n solicitar m\u00e1s informaci\u00f3n acerca del tratamiento de sus datos personales as\u00ed como ejercer en cualquier momento y, de forma gratuita, los derechos de acceso, rectificaci\u00f3n y supresi\u00f3n, as\u00ed como solicitar que se limite el tratamiento de sus datos personales, oponerse al mismo, solicitar la portabilidad de estos (siempre que sea t\u00e9cnicamente posible) o retirar el consentimiento prestado y, en su caso, a no ser objeto de una decisi\u00f3n basada \u00fanicamente en un tratamiento automatizado, incluido la elaboraci\u00f3n de perfiles.<\/p>\n<p>Para ello podr\u00e1 emplear los formularios habilitados por la organizaci\u00f3n, o bien dirigir un escrito a la direcci\u00f3n postal o correo electr\u00f3nico referenciados en el encabezamiento. A los efectos oportunos, le informamos que se le podr\u00e1 solicitar su DNI o cualquier otro documento an\u00e1logo, con la finalidad de acreditar su identidad, siempre que ello no pueda realizarse por otros medios menos intrusivos.<\/p>\n<p>En caso de que sienta vulnerados sus derechos en lo concerniente a la protecci\u00f3n de sus datos personales, especialmente cuando no haya obtenido satisfacci\u00f3n en el ejercicio de sus derechos, puede presentar una reclamaci\u00f3n ante la Autoridad de Control en materia de Protecci\u00f3n de Datos competente (Agencia Espa\u00f1ola de Protecci\u00f3n de Datos), a trav\u00e9s de su sitio web <a href=\"https:\/\/www.aepd.es\">https:\/\/www.aepd.es<\/a><\/p>\n<p>En cumplimiento de lo dispuesto en el art\u00edculo 21 de la Ley 34\/2002 de servicios de la sociedad de la informaci\u00f3n y comercio electr\u00f3nico, si usted no desea recibir m\u00e1s informaci\u00f3n sobre nuestros servicios, puede darse de baja enviando un correo electr\u00f3nico a la direcci\u00f3n privacidad@welcomenext.com, con asunto \u201c<strong>BAJAS<\/strong>\u201d<\/p>\n<h3>11. VERACIDAD DE LOS DATOS<\/h3>\n<p>El interesado garantiza que los datos aportados son verdaderos, exactos, completos y se encuentran actualizados; comprometi\u00e9ndose a informar de cualquier cambio respecto de los datos que aportara, por los canales habilitados al efecto e indicados en el punto uno de la presente pol\u00edtica. Ser\u00e1 responsable de cualquier da\u00f1o o perjuicio, tanto directo como indirecto, que pudiera ocasionar como consecuencia del incumplimiento de la presente obligaci\u00f3n.<\/p>\n<p>En el supuesto de que el usuario facilite datos de terceros, declara que cuenta con el consentimiento de los interesados y se compromete a trasladarle la informaci\u00f3n contenida en esta cl\u00e1usula, eximiendo a la organizaci\u00f3n de cualquier responsabilidad derivada por la falta de cumplimiento de la presente obligaci\u00f3n.<\/p>\n<h3>12. MODIFICACIONES Y ACTUALIZACI\u00d3N<\/h3>\n<p>La presente pol\u00edtica de privacidad puede verse modificada\/actualizada en funci\u00f3n de las exigencias legales establecidas o con la finalidad de adaptar dicha pol\u00edtica a las instrucciones dictadas por la Agencia Espa\u00f1ola de Protecci\u00f3n de Datos, o a consecuencia de cambios en nuestro sitio web. Por esta raz\u00f3n, aconsejamos a los usuarios que visiten peri\u00f3dicamente nuestra Pol\u00edtica de Privacidad.<\/p>\n<p>Si tiene dudas acerca de esta pol\u00edtica, puede contactar con WELCOMENEXT S.L. a trav\u00e9s de los formularios habilitados por la organizaci\u00f3n, o bien dirigir un escrito a la direcci\u00f3n postal o correo electr\u00f3nico referenciados en el encabezamiento.<\/p>\n<h4>\u00daltima revisi\u00f3n 21 de Mayo de 2024<\/h4>\n<\/div><\/div><\/div><\/div><\/div>\n","protected":false},"excerpt":{"rendered":"","protected":false},"author":1,"featured_media":0,"parent":0,"menu_order":0,"comment_status":"closed","ping_status":"closed","template":"","meta":{"iawp_total_views":18,"footnotes":""},"class_list":["post-1168","page","type-page","status-publish","hentry"],"yoast_head":"<!-- This site is optimized with the Yoast SEO plugin v27.3 - https:\/\/yoast.com\/product\/yoast-seo-wordpress\/ -->\n<title>Politica de privacidad - scormPROXY<\/title>\n<meta name=\"robots\" content=\"noindex, follow\" \/>\n<meta property=\"og:locale\" content=\"es_ES\" \/>\n<meta property=\"og:type\" content=\"article\" \/>\n<meta property=\"og:title\" content=\"Politica de privacidad - scormPROXY\" \/>\n<meta property=\"og:url\" content=\"https:\/\/welcomenext.com\/scormproxy\/es\/politica-de-privacidad\/\" \/>\n<meta property=\"og:site_name\" content=\"scormPROXY\" \/>\n<meta property=\"article:modified_time\" content=\"2024-09-05T14:48:59+00:00\" \/>\n<meta name=\"twitter:card\" content=\"summary_large_image\" \/>\n<meta name=\"twitter:label1\" content=\"Tiempo de lectura\" \/>\n\t<meta name=\"twitter:data1\" content=\"9 minutos\" \/>\n<script type=\"application\/ld+json\" class=\"yoast-schema-graph\">{\"@context\":\"https:\\\/\\\/schema.org\",\"@graph\":[{\"@type\":\"WebPage\",\"@id\":\"https:\\\/\\\/welcomenext.com\\\/scormproxy\\\/es\\\/politica-de-privacidad\\\/\",\"url\":\"https:\\\/\\\/welcomenext.com\\\/scormproxy\\\/es\\\/politica-de-privacidad\\\/\",\"name\":\"Politica de privacidad - scormPROXY\",\"isPartOf\":{\"@id\":\"https:\\\/\\\/welcomenext.com\\\/scormproxy\\\/#website\"},\"datePublished\":\"2021-04-22T17:02:42+00:00\",\"dateModified\":\"2024-09-05T14:48:59+00:00\",\"breadcrumb\":{\"@id\":\"https:\\\/\\\/welcomenext.com\\\/scormproxy\\\/es\\\/politica-de-privacidad\\\/#breadcrumb\"},\"inLanguage\":\"es\",\"potentialAction\":[{\"@type\":\"ReadAction\",\"target\":[\"https:\\\/\\\/welcomenext.com\\\/scormproxy\\\/es\\\/politica-de-privacidad\\\/\"]}]},{\"@type\":\"BreadcrumbList\",\"@id\":\"https:\\\/\\\/welcomenext.com\\\/scormproxy\\\/es\\\/politica-de-privacidad\\\/#breadcrumb\",\"itemListElement\":[{\"@type\":\"ListItem\",\"position\":1,\"name\":\"Portada\",\"item\":\"https:\\\/\\\/welcomenext.com\\\/scormproxy\\\/es\\\/\"},{\"@type\":\"ListItem\",\"position\":2,\"name\":\"Politica de privacidad\"}]},{\"@type\":\"WebSite\",\"@id\":\"https:\\\/\\\/welcomenext.com\\\/scormproxy\\\/#website\",\"url\":\"https:\\\/\\\/welcomenext.com\\\/scormproxy\\\/\",\"name\":\"scormPROXY\",\"description\":\"Plataforma de distribuci\u00f3n de contenidos\",\"potentialAction\":[{\"@type\":\"SearchAction\",\"target\":{\"@type\":\"EntryPoint\",\"urlTemplate\":\"https:\\\/\\\/welcomenext.com\\\/scormproxy\\\/?s={search_term_string}\"},\"query-input\":{\"@type\":\"PropertyValueSpecification\",\"valueRequired\":true,\"valueName\":\"search_term_string\"}}],\"inLanguage\":\"es\"}]}<\/script>\n<!-- \/ Yoast SEO plugin. -->","yoast_head_json":{"title":"Politica de privacidad - scormPROXY","robots":{"index":"noindex","follow":"follow"},"og_locale":"es_ES","og_type":"article","og_title":"Politica de privacidad - scormPROXY","og_url":"https:\/\/welcomenext.com\/scormproxy\/es\/politica-de-privacidad\/","og_site_name":"scormPROXY","article_modified_time":"2024-09-05T14:48:59+00:00","twitter_card":"summary_large_image","twitter_misc":{"Tiempo de lectura":"9 minutos"},"schema":{"@context":"https:\/\/schema.org","@graph":[{"@type":"WebPage","@id":"https:\/\/welcomenext.com\/scormproxy\/es\/politica-de-privacidad\/","url":"https:\/\/welcomenext.com\/scormproxy\/es\/politica-de-privacidad\/","name":"Politica de privacidad - scormPROXY","isPartOf":{"@id":"https:\/\/welcomenext.com\/scormproxy\/#website"},"datePublished":"2021-04-22T17:02:42+00:00","dateModified":"2024-09-05T14:48:59+00:00","breadcrumb":{"@id":"https:\/\/welcomenext.com\/scormproxy\/es\/politica-de-privacidad\/#breadcrumb"},"inLanguage":"es","potentialAction":[{"@type":"ReadAction","target":["https:\/\/welcomenext.com\/scormproxy\/es\/politica-de-privacidad\/"]}]},{"@type":"BreadcrumbList","@id":"https:\/\/welcomenext.com\/scormproxy\/es\/politica-de-privacidad\/#breadcrumb","itemListElement":[{"@type":"ListItem","position":1,"name":"Portada","item":"https:\/\/welcomenext.com\/scormproxy\/es\/"},{"@type":"ListItem","position":2,"name":"Politica de privacidad"}]},{"@type":"WebSite","@id":"https:\/\/welcomenext.com\/scormproxy\/#website","url":"https:\/\/welcomenext.com\/scormproxy\/","name":"scormPROXY","description":"Plataforma de distribuci\u00f3n de contenidos","potentialAction":[{"@type":"SearchAction","target":{"@type":"EntryPoint","urlTemplate":"https:\/\/welcomenext.com\/scormproxy\/?s={search_term_string}"},"query-input":{"@type":"PropertyValueSpecification","valueRequired":true,"valueName":"search_term_string"}}],"inLanguage":"es"}]}},"lang":"es","translations":{"es":1168,"en":1274,"fr":3008,"de":3159},"pll_sync_post":[],"_links":{"self":[{"href":"https:\/\/welcomenext.com\/scormproxy\/wp-json\/wp\/v2\/pages\/1168","targetHints":{"allow":["GET"]}}],"collection":[{"href":"https:\/\/welcomenext.com\/scormproxy\/wp-json\/wp\/v2\/pages"}],"about":[{"href":"https:\/\/welcomenext.com\/scormproxy\/wp-json\/wp\/v2\/types\/page"}],"author":[{"embeddable":true,"href":"https:\/\/welcomenext.com\/scormproxy\/wp-json\/wp\/v2\/users\/1"}],"replies":[{"embeddable":true,"href":"https:\/\/welcomenext.com\/scormproxy\/wp-json\/wp\/v2\/comments?post=1168"}],"version-history":[{"count":0,"href":"https:\/\/welcomenext.com\/scormproxy\/wp-json\/wp\/v2\/pages\/1168\/revisions"}],"wp:attachment":[{"href":"https:\/\/welcomenext.com\/scormproxy\/wp-json\/wp\/v2\/media?parent=1168"}],"curies":[{"name":"wp","href":"https:\/\/api.w.org\/{rel}","templated":true}]}}